{"id":16241,"date":"2024-05-03T16:43:18","date_gmt":"2024-05-03T14:43:18","guid":{"rendered":"https:\/\/clinicapadros.com\/pedir-cita\/"},"modified":"2024-05-16T18:06:54","modified_gmt":"2024-05-16T16:06:54","slug":"demanar-cita","status":"publish","type":"page","link":"https:\/\/clinicapadros.com\/ca\/demanar-cita\/","title":{"rendered":"Demanar Cita"},"content":{"rendered":"\t\t<div data-elementor-type=\"wp-page\" data-elementor-id=\"16241\" class=\"elementor elementor-16241 elementor-16157\" data-elementor-post-type=\"page\">\n\t\t\t\t<div class=\"elementor-element elementor-element-c3e4962 e-flex e-con-boxed e-con e-parent\" data-id=\"c3e4962\" data-element_type=\"container\">\n\t\t\t\t\t<div class=\"e-con-inner\">\n\t\t\t\t<div class=\"elementor-element elementor-element-d15eeb4 elementor-widget elementor-widget-heading\" data-id=\"d15eeb4\" data-element_type=\"widget\" data-widget_type=\"heading.default\">\n\t\t\t\t<div class=\"elementor-widget-container\">\n\t\t\t\t\t<h1 class=\"elementor-heading-title elementor-size-default\">Vols sol\u00b7licitar una primera visita amb nosaltres?<\/h1>\t\t\t\t<\/div>\n\t\t\t\t<\/div>\n\t\t\t\t\t<\/div>\n\t\t\t\t<\/div>\n\t\t<div class=\"elementor-element elementor-element-3baa606 e-flex e-con-boxed e-con e-parent\" data-id=\"3baa606\" data-element_type=\"container\">\n\t\t\t\t\t<div class=\"e-con-inner\">\n\t\t\t\t<div class=\"elementor-element elementor-element-783ac12 elementor-widget elementor-widget-heading\" data-id=\"783ac12\" data-element_type=\"widget\" data-widget_type=\"heading.default\">\n\t\t\t\t<div class=\"elementor-widget-container\">\n\t\t\t\t\t<h2 class=\"elementor-heading-title elementor-size-default\">T'expliquem com \u00e9s<\/h2>\t\t\t\t<\/div>\n\t\t\t\t<\/div>\n\t\t\t\t\t<\/div>\n\t\t\t\t<\/div>\n\t\t<div class=\"elementor-element elementor-element-0ebac14 e-flex e-con-boxed e-con e-parent\" data-id=\"0ebac14\" data-element_type=\"container\">\n\t\t\t\t\t<div class=\"e-con-inner\">\n\t\t\t\t<div class=\"elementor-element elementor-element-0f7d90b elementor-widget elementor-widget-heading\" data-id=\"0f7d90b\" data-element_type=\"widget\" data-widget_type=\"heading.default\">\n\t\t\t\t<div class=\"elementor-widget-container\">\n\t\t\t\t\t<h3 class=\"elementor-heading-title elementor-size-default\">Com \u00e9s la primera visita?<\/h3>\t\t\t\t<\/div>\n\t\t\t\t<\/div>\n\t\t\t\t\t<\/div>\n\t\t\t\t<\/div>\n\t\t<div class=\"elementor-element elementor-element-ec7cd4b e-flex e-con-boxed e-con e-parent\" data-id=\"ec7cd4b\" data-element_type=\"container\">\n\t\t\t\t\t<div class=\"e-con-inner\">\n\t\t\t\t<div class=\"elementor-element elementor-element-7dbd2b6 elementor-widget elementor-widget-video\" data-id=\"7dbd2b6\" data-element_type=\"widget\" data-settings=\"{&quot;youtube_url&quot;:&quot;https:\\\/\\\/youtu.be\\\/ST5RT0VSLjc&quot;,&quot;video_type&quot;:&quot;youtube&quot;,&quot;controls&quot;:&quot;yes&quot;}\" data-widget_type=\"video.default\">\n\t\t\t\t<div class=\"elementor-widget-container\">\n\t\t\t\t\t\t\t<div class=\"elementor-wrapper elementor-open-inline\">\n\t\t\t<div class=\"elementor-video\"><\/div>\t\t<\/div>\n\t\t\t\t\t\t<\/div>\n\t\t\t\t<\/div>\n\t\t\t\t\t<\/div>\n\t\t\t\t<\/div>\n\t\t<div class=\"elementor-element elementor-element-faaaf74 e-flex e-con-boxed e-con e-parent\" data-id=\"faaaf74\" data-element_type=\"container\">\n\t\t\t\t\t<div class=\"e-con-inner\">\n\t\t\t\t<div class=\"elementor-element elementor-element-a6ff9a4 elementor-widget elementor-widget-text-editor\" data-id=\"a6ff9a4\" data-element_type=\"widget\" data-widget_type=\"text-editor.default\">\n\t\t\t\t<div class=\"elementor-widget-container\">\n\t\t\t\t\t\t\t\t\t<p>En primer lloc, escoltarem activament all\u00f2 que et preocupa i quines s\u00f3n les necessitats que t&#8217;han portat a la nostra cl\u00ednica.<\/p><p>El Dr. i la seva auxiliar portaran a terme l&#8217;exploraci\u00f3 minuciosa i analitzaran tots els aspectes de salut, funci\u00f3 i est\u00e8tica del teu somriure.<\/p><p>Valoraran l&#8217;exist\u00e8ncia de c\u00e0ries, desgasts, estat de les genives, mucoses, funci\u00f3, estat de l&#8217;articulaci\u00f3 mandibular, m\u00fasculs de la masticaci\u00f3, respiraci\u00f3, lesions mucoses, respiraci\u00f3, nivell d&#8217;hidrataci\u00f3 etc.<\/p><div id=\"KnM9nf\" class=\"PZPZlf\" data-attrid=\"tw-sourceArea\" data-entityname=\"Google Translate\"><div id=\"tw-smenu\" class=\"tw-menu\">Durem a terme una exploraci\u00f3 detallada amb c\u00e0mera intraoral.<\/div><div>\u00a0<\/div><\/div><p>Prendrem fotografies i els registres necessaris per entendre perfectament l&#8217;estat de la teva salut oral, com ara models 3D intraorals, radiografies, etc.<\/p><p>Et mostrarem el resultat de la nostra an\u00e0lisi i ho comentar\u00e0s amb el Dr., qui resoldr\u00e0 els teus dubtes.<\/p><p>Et mostrarem casos similars resolts dels tractaments que calguin en el teu cas.<\/p><p>Et mostrarem, si s&#8217;escau, simulacions digitals dels teus tractaments.<\/p><p>I et donarem un pressupost detallat i sense comprom\u00eds juntament amb les opcions de finan\u00e7ament.<\/p><p>Tot aix\u00f2 en un ambient relaxat i tranquil perqu\u00e8 et sentis confortable i a gust.<\/p><p style=\"text-align: center;\"><strong>Aquesta visita t\u00e9 una durada de 60 minuts i un cost de 75\u20ac<\/strong><\/p>\t\t\t\t\t\t\t\t<\/div>\n\t\t\t\t<\/div>\n\t\t\t\t\t<\/div>\n\t\t\t\t<\/div>\n\t\t<div class=\"elementor-element elementor-element-747f9e4 e-flex e-con-boxed e-con e-parent\" data-id=\"747f9e4\" data-element_type=\"container\">\n\t\t\t\t\t<div class=\"e-con-inner\">\n\t\t\t\t<div class=\"elementor-element elementor-element-e94c799 elementor-widget elementor-widget-text-editor\" data-id=\"e94c799\" data-element_type=\"widget\" data-widget_type=\"text-editor.default\">\n\t\t\t\t<div class=\"elementor-widget-container\">\n\t\t\t\t\t\t\t\t\t<p style=\"text-align: center;\">Pots reservar la teva cita directament a la nostra agenda a traves d&#8217;aquest link:<\/p>\t\t\t\t\t\t\t\t<\/div>\n\t\t\t\t<\/div>\n\t\t\t\t<div class=\"elementor-element elementor-element-59fdcf6 elementor-widget elementor-widget-button\" data-id=\"59fdcf6\" data-element_type=\"widget\" data-widget_type=\"button.default\">\n\t\t\t\t<div class=\"elementor-widget-container\">\n\t\t\t\t\t\t\t\t\t<div class=\"elementor-button-wrapper\">\n\t\t\t\t\t<a class=\"elementor-button elementor-button-link elementor-size-sm\" href=\"https:\/\/clientes.gestiondeclinica.es\/30\/AreaPrivada\/getapp.html?cif=b66394602&#038;idc=b50aad2e-0328-446a-9cd2-977dd43b8c4e\">\n\t\t\t\t\t\t<span class=\"elementor-button-content-wrapper\">\n\t\t\t\t\t\t\t\t\t<span class=\"elementor-button-text\">Demanar cita<\/span>\n\t\t\t\t\t<\/span>\n\t\t\t\t\t<\/a>\n\t\t\t\t<\/div>\n\t\t\t\t\t\t\t\t<\/div>\n\t\t\t\t<\/div>\n\t\t\t\t\t<\/div>\n\t\t\t\t<\/div>\n\t\t<div class=\"elementor-element elementor-element-0068598 e-flex e-con-boxed e-con e-parent\" data-id=\"0068598\" data-element_type=\"container\">\n\t\t\t\t\t<div class=\"e-con-inner\">\n\t\t\t\t<div class=\"elementor-element elementor-element-41c416f elementor-widget elementor-widget-text-editor\" data-id=\"41c416f\" data-element_type=\"widget\" data-widget_type=\"text-editor.default\">\n\t\t\t\t<div class=\"elementor-widget-container\">\n\t\t\t\t\t\t\t\t\t<p>L&#8217;horari de la reserva online \u00e9s limitat, per\u00f2 si no trobes el teu moment ideal, t&#8217;oferim moltes m\u00e9s opcions d&#8217;hores de visita si ens truques per tel\u00e8fon al\u00a0 <span class=\"em-number\">933 291 895<\/span> o ens contactes per <span class=\"em-contact\">Whatsapp<\/span> al <span class=\"em-number\">608 20 16 74<\/span>.<\/p><p>Si us plau, recorda que tindr\u00e0s 60 minuts reservats amb el Dr. i la seva auxiliar.\u00a0 No els deixis penjats !\u00a0 Si no hi pots assistir, avisa&#8217;ns amb 48 hores d&#8217;antelaci\u00f3.<\/p><p>T&#8217;esperem !<\/p><p>\u00a0<\/p>\t\t\t\t\t\t\t\t<\/div>\n\t\t\t\t<\/div>\n\t\t\t\t\t<\/div>\n\t\t\t\t<\/div>\n\t\t\t\t<\/div>\n\t\t","protected":false},"excerpt":{"rendered":"<p>Vols sol\u00b7licitar una primera visita amb nosaltres? T&#8217;expliquem com \u00e9s Com \u00e9s la primera visita? https:\/\/youtu.be\/ST5RT0VSLjc En primer lloc, escoltarem activament all\u00f2 que et preocupa i quines s\u00f3n les necessitats que t&#8217;han portat a la nostra cl\u00ednica. El Dr. i la seva auxiliar portaran a terme l&#8217;exploraci\u00f3 minuciosa i analitzaran tots els aspectes de salut, &#8230; <a title=\"Demanar Cita\" class=\"read-more\" href=\"https:\/\/clinicapadros.com\/ca\/demanar-cita\/\" aria-label=\"Read more about Demanar Cita\">Read more<\/a><\/p>\n","protected":false},"author":7,"featured_media":0,"parent":0,"menu_order":0,"comment_status":"closed","ping_status":"closed","template":"elementor_header_footer","meta":{"footnotes":""},"class_list":["post-16241","page","type-page","status-publish"],"yoast_head":"<!-- This site is optimized with the Yoast SEO Premium plugin v21.5 (Yoast SEO v27.3) - https:\/\/yoast.com\/product\/yoast-seo-premium-wordpress\/ -->\n<title>Demanar Cita - Cl\u00ednica Dental Padr\u00f3s<\/title>\n<meta name=\"robots\" content=\"index, follow, max-snippet:-1, max-image-preview:large, max-video-preview:-1\" \/>\n<link rel=\"canonical\" href=\"https:\/\/clinicapadros.com\/ca\/demanar-cita\/\" \/>\n<meta property=\"og:locale\" content=\"ca_ES\" \/>\n<meta property=\"og:type\" content=\"article\" \/>\n<meta property=\"og:title\" content=\"Demanar Cita\" \/>\n<meta property=\"og:description\" content=\"Vols sol\u00b7licitar una primera visita amb nosaltres? T&#8217;expliquem com \u00e9s Com \u00e9s la primera visita? https:\/\/youtu.be\/ST5RT0VSLjc En primer lloc, escoltarem activament all\u00f2 que et preocupa i quines s\u00f3n les necessitats que t&#8217;han portat a la nostra cl\u00ednica. El Dr. i la seva auxiliar portaran a terme l&#8217;exploraci\u00f3 minuciosa i analitzaran tots els aspectes de salut, ... Read more\" \/>\n<meta property=\"og:url\" content=\"https:\/\/clinicapadros.com\/ca\/demanar-cita\/\" \/>\n<meta property=\"og:site_name\" content=\"Cl\u00ednica Dental Padr\u00f3s\" \/>\n<meta property=\"article:publisher\" content=\"http:\/\/www.facebook.com\/clinicapadros\" \/>\n<meta property=\"article:modified_time\" content=\"2024-05-16T16:06:54+00:00\" \/>\n<meta name=\"twitter:card\" content=\"summary_large_image\" \/>\n<meta name=\"twitter:site\" content=\"@clinicapadros\" \/>\n<meta name=\"twitter:label1\" content=\"Est. reading time\" \/>\n\t<meta name=\"twitter:data1\" content=\"2 minutes\" \/>\n<script type=\"application\/ld+json\" class=\"yoast-schema-graph\">{\"@context\":\"https:\\\/\\\/schema.org\",\"@graph\":[{\"@type\":\"WebPage\",\"@id\":\"https:\\\/\\\/clinicapadros.com\\\/ca\\\/demanar-cita\\\/\",\"url\":\"https:\\\/\\\/clinicapadros.com\\\/ca\\\/demanar-cita\\\/\",\"name\":\"Demanar Cita - Cl\u00ednica Dental Padr\u00f3s\",\"isPartOf\":{\"@id\":\"https:\\\/\\\/clinicapadros.com\\\/ca\\\/#website\"},\"datePublished\":\"2024-05-03T14:43:18+00:00\",\"dateModified\":\"2024-05-16T16:06:54+00:00\",\"breadcrumb\":{\"@id\":\"https:\\\/\\\/clinicapadros.com\\\/ca\\\/demanar-cita\\\/#breadcrumb\"},\"inLanguage\":\"ca-ES\",\"potentialAction\":[{\"@type\":\"ReadAction\",\"target\":[\"https:\\\/\\\/clinicapadros.com\\\/ca\\\/demanar-cita\\\/\"]}]},{\"@type\":\"BreadcrumbList\",\"@id\":\"https:\\\/\\\/clinicapadros.com\\\/ca\\\/demanar-cita\\\/#breadcrumb\",\"itemListElement\":[{\"@type\":\"ListItem\",\"position\":1,\"name\":\"Home\",\"item\":\"https:\\\/\\\/clinicapadros.com\\\/ca\\\/\"},{\"@type\":\"ListItem\",\"position\":2,\"name\":\"Demanar Cita\"}]},{\"@type\":\"WebSite\",\"@id\":\"https:\\\/\\\/clinicapadros.com\\\/ca\\\/#website\",\"url\":\"https:\\\/\\\/clinicapadros.com\\\/ca\\\/\",\"name\":\"Cl\u00ednica Dental Padr\u00f3s\",\"description\":\"Buen dentista en Barcelona\",\"publisher\":{\"@id\":\"https:\\\/\\\/clinicapadros.com\\\/ca\\\/#organization\"},\"potentialAction\":[{\"@type\":\"SearchAction\",\"target\":{\"@type\":\"EntryPoint\",\"urlTemplate\":\"https:\\\/\\\/clinicapadros.com\\\/ca\\\/?s={search_term_string}\"},\"query-input\":{\"@type\":\"PropertyValueSpecification\",\"valueRequired\":true,\"valueName\":\"search_term_string\"}}],\"inLanguage\":\"ca-ES\"},{\"@type\":\"Organization\",\"@id\":\"https:\\\/\\\/clinicapadros.com\\\/ca\\\/#organization\",\"name\":\"Cl\u00ednica Dental Padr\u00f3s\",\"url\":\"https:\\\/\\\/clinicapadros.com\\\/ca\\\/\",\"logo\":{\"@type\":\"ImageObject\",\"inLanguage\":\"ca-ES\",\"@id\":\"https:\\\/\\\/clinicapadros.com\\\/ca\\\/#\\\/schema\\\/logo\\\/image\\\/\",\"url\":\"https:\\\/\\\/clinicapadros.com\\\/wp-content\\\/uploads\\\/2017\\\/04\\\/logo-clinica-dental-padros.jpg\",\"contentUrl\":\"https:\\\/\\\/clinicapadros.com\\\/wp-content\\\/uploads\\\/2017\\\/04\\\/logo-clinica-dental-padros.jpg\",\"width\":365,\"height\":80,\"caption\":\"Cl\u00ednica Dental Padr\u00f3s\"},\"image\":{\"@id\":\"https:\\\/\\\/clinicapadros.com\\\/ca\\\/#\\\/schema\\\/logo\\\/image\\\/\"},\"sameAs\":[\"http:\\\/\\\/www.facebook.com\\\/clinicapadros\",\"https:\\\/\\\/x.com\\\/clinicapadros\",\"https:\\\/\\\/instagram.com\\\/clinicapadros\",\"https:\\\/\\\/es.pinterest.com\\\/clinicapadros\\\/\",\"https:\\\/\\\/www.youtube.com\\\/clinicapadros\"]}]}<\/script>\n<!-- \/ Yoast SEO Premium plugin. -->","yoast_head_json":{"title":"Demanar Cita - Cl\u00ednica Dental Padr\u00f3s","robots":{"index":"index","follow":"follow","max-snippet":"max-snippet:-1","max-image-preview":"max-image-preview:large","max-video-preview":"max-video-preview:-1"},"canonical":"https:\/\/clinicapadros.com\/ca\/demanar-cita\/","og_locale":"ca_ES","og_type":"article","og_title":"Demanar Cita","og_description":"Vols sol\u00b7licitar una primera visita amb nosaltres? T&#8217;expliquem com \u00e9s Com \u00e9s la primera visita? https:\/\/youtu.be\/ST5RT0VSLjc En primer lloc, escoltarem activament all\u00f2 que et preocupa i quines s\u00f3n les necessitats que t&#8217;han portat a la nostra cl\u00ednica. El Dr. i la seva auxiliar portaran a terme l&#8217;exploraci\u00f3 minuciosa i analitzaran tots els aspectes de salut, ... Read more","og_url":"https:\/\/clinicapadros.com\/ca\/demanar-cita\/","og_site_name":"Cl\u00ednica Dental Padr\u00f3s","article_publisher":"http:\/\/www.facebook.com\/clinicapadros","article_modified_time":"2024-05-16T16:06:54+00:00","twitter_card":"summary_large_image","twitter_site":"@clinicapadros","twitter_misc":{"Est. reading time":"2 minutes"},"schema":{"@context":"https:\/\/schema.org","@graph":[{"@type":"WebPage","@id":"https:\/\/clinicapadros.com\/ca\/demanar-cita\/","url":"https:\/\/clinicapadros.com\/ca\/demanar-cita\/","name":"Demanar Cita - Cl\u00ednica Dental Padr\u00f3s","isPartOf":{"@id":"https:\/\/clinicapadros.com\/ca\/#website"},"datePublished":"2024-05-03T14:43:18+00:00","dateModified":"2024-05-16T16:06:54+00:00","breadcrumb":{"@id":"https:\/\/clinicapadros.com\/ca\/demanar-cita\/#breadcrumb"},"inLanguage":"ca-ES","potentialAction":[{"@type":"ReadAction","target":["https:\/\/clinicapadros.com\/ca\/demanar-cita\/"]}]},{"@type":"BreadcrumbList","@id":"https:\/\/clinicapadros.com\/ca\/demanar-cita\/#breadcrumb","itemListElement":[{"@type":"ListItem","position":1,"name":"Home","item":"https:\/\/clinicapadros.com\/ca\/"},{"@type":"ListItem","position":2,"name":"Demanar Cita"}]},{"@type":"WebSite","@id":"https:\/\/clinicapadros.com\/ca\/#website","url":"https:\/\/clinicapadros.com\/ca\/","name":"Cl\u00ednica Dental Padr\u00f3s","description":"Buen dentista en Barcelona","publisher":{"@id":"https:\/\/clinicapadros.com\/ca\/#organization"},"potentialAction":[{"@type":"SearchAction","target":{"@type":"EntryPoint","urlTemplate":"https:\/\/clinicapadros.com\/ca\/?s={search_term_string}"},"query-input":{"@type":"PropertyValueSpecification","valueRequired":true,"valueName":"search_term_string"}}],"inLanguage":"ca-ES"},{"@type":"Organization","@id":"https:\/\/clinicapadros.com\/ca\/#organization","name":"Cl\u00ednica Dental Padr\u00f3s","url":"https:\/\/clinicapadros.com\/ca\/","logo":{"@type":"ImageObject","inLanguage":"ca-ES","@id":"https:\/\/clinicapadros.com\/ca\/#\/schema\/logo\/image\/","url":"https:\/\/clinicapadros.com\/wp-content\/uploads\/2017\/04\/logo-clinica-dental-padros.jpg","contentUrl":"https:\/\/clinicapadros.com\/wp-content\/uploads\/2017\/04\/logo-clinica-dental-padros.jpg","width":365,"height":80,"caption":"Cl\u00ednica Dental Padr\u00f3s"},"image":{"@id":"https:\/\/clinicapadros.com\/ca\/#\/schema\/logo\/image\/"},"sameAs":["http:\/\/www.facebook.com\/clinicapadros","https:\/\/x.com\/clinicapadros","https:\/\/instagram.com\/clinicapadros","https:\/\/es.pinterest.com\/clinicapadros\/","https:\/\/www.youtube.com\/clinicapadros"]}]}},"_links":{"self":[{"href":"https:\/\/clinicapadros.com\/ca\/wp-json\/wp\/v2\/pages\/16241","targetHints":{"allow":["GET"]}}],"collection":[{"href":"https:\/\/clinicapadros.com\/ca\/wp-json\/wp\/v2\/pages"}],"about":[{"href":"https:\/\/clinicapadros.com\/ca\/wp-json\/wp\/v2\/types\/page"}],"author":[{"embeddable":true,"href":"https:\/\/clinicapadros.com\/ca\/wp-json\/wp\/v2\/users\/7"}],"replies":[{"embeddable":true,"href":"https:\/\/clinicapadros.com\/ca\/wp-json\/wp\/v2\/comments?post=16241"}],"version-history":[{"count":16,"href":"https:\/\/clinicapadros.com\/ca\/wp-json\/wp\/v2\/pages\/16241\/revisions"}],"predecessor-version":[{"id":16848,"href":"https:\/\/clinicapadros.com\/ca\/wp-json\/wp\/v2\/pages\/16241\/revisions\/16848"}],"wp:attachment":[{"href":"https:\/\/clinicapadros.com\/ca\/wp-json\/wp\/v2\/media?parent=16241"}],"curies":[{"name":"wp","href":"https:\/\/api.w.org\/{rel}","templated":true}]}}