{"id":15257,"date":"2024-04-03T16:01:26","date_gmt":"2024-04-03T14:01:26","guid":{"rendered":"https:\/\/clinicapadros.com\/tratamientos\/terapia-neural-y-rehabilitacion-masticatoria-respiratoria\/"},"modified":"2024-05-17T11:57:22","modified_gmt":"2024-05-17T09:57:22","slug":"terapia-neural-y-rehabilitacio-masticatoria-respiratoria","status":"publish","type":"page","link":"https:\/\/clinicapadros.com\/ca\/tractaments\/terapia-neural-y-rehabilitacio-masticatoria-respiratoria\/","title":{"rendered":"T\u00e8rapia neural i rehabilitaci\u00f3 masticat\u00f2ria-respirat\u00f2ria"},"content":{"rendered":"\t\t<div data-elementor-type=\"wp-page\" data-elementor-id=\"15257\" class=\"elementor elementor-15257 elementor-14383\" data-elementor-post-type=\"page\">\n\t\t\t\t<div class=\"elementor-element elementor-element-c3e4962 e-flex e-con-boxed e-con e-parent\" data-id=\"c3e4962\" data-element_type=\"container\">\n\t\t\t\t\t<div class=\"e-con-inner\">\n\t\t\t\t<div class=\"elementor-element elementor-element-d15eeb4 elementor-widget elementor-widget-heading\" data-id=\"d15eeb4\" data-element_type=\"widget\" data-widget_type=\"heading.default\">\n\t\t\t\t<div class=\"elementor-widget-container\">\n\t\t\t\t\t<h1 class=\"elementor-heading-title elementor-size-default\">T\u00e8rapia neural i rehabilitaci\u00f3 masticat\u00f2ria-respirat\u00f2ria<\/h1>\t\t\t\t<\/div>\n\t\t\t\t<\/div>\n\t\t\t\t\t<\/div>\n\t\t\t\t<\/div>\n\t\t<div class=\"elementor-element elementor-element-3baa606 e-flex e-con-boxed e-con e-parent\" data-id=\"3baa606\" data-element_type=\"container\">\n\t\t\t\t\t<div class=\"e-con-inner\">\n\t\t\t\t<div class=\"elementor-element elementor-element-783ac12 elementor-widget elementor-widget-heading\" data-id=\"783ac12\" data-element_type=\"widget\" data-widget_type=\"heading.default\">\n\t\t\t\t<div class=\"elementor-widget-container\">\n\t\t\t\t\t<h2 class=\"elementor-heading-title elementor-size-default\">El problema de respirar per la boca<\/h2>\t\t\t\t<\/div>\n\t\t\t\t<\/div>\n\t\t\t\t\t<\/div>\n\t\t\t\t<\/div>\n\t\t<div class=\"elementor-element elementor-element-c541271 e-flex e-con-boxed e-con e-parent\" data-id=\"c541271\" data-element_type=\"container\">\n\t\t\t\t\t<div class=\"e-con-inner\">\n\t\t\t\t<div class=\"elementor-element elementor-element-585b3ae elementor-widget elementor-widget-video\" data-id=\"585b3ae\" data-element_type=\"widget\" data-settings=\"{&quot;youtube_url&quot;:&quot;https:\\\/\\\/www.youtube.com\\\/watch?v=J-UDMwLzf-Q&quot;,&quot;video_type&quot;:&quot;youtube&quot;,&quot;controls&quot;:&quot;yes&quot;}\" data-widget_type=\"video.default\">\n\t\t\t\t<div class=\"elementor-widget-container\">\n\t\t\t\t\t\t\t<div class=\"elementor-wrapper elementor-open-inline\">\n\t\t\t<div class=\"elementor-video\"><\/div>\t\t<\/div>\n\t\t\t\t\t\t<\/div>\n\t\t\t\t<\/div>\n\t\t\t\t\t<\/div>\n\t\t\t\t<\/div>\n\t\t<div class=\"elementor-element elementor-element-0ebac14 e-flex e-con-boxed e-con e-parent\" data-id=\"0ebac14\" data-element_type=\"container\">\n\t\t\t\t\t<div class=\"e-con-inner\">\n\t\t\t\t<div class=\"elementor-element elementor-element-0f7d90b elementor-widget elementor-widget-heading\" data-id=\"0f7d90b\" data-element_type=\"widget\" data-widget_type=\"heading.default\">\n\t\t\t\t<div class=\"elementor-widget-container\">\n\t\t\t\t\t<h3 class=\"elementor-heading-title elementor-size-default\">El problema de respirar per la boca<\/h3>\t\t\t\t<\/div>\n\t\t\t\t<\/div>\n\t\t\t\t\t<\/div>\n\t\t\t\t<\/div>\n\t\t<div class=\"elementor-element elementor-element-faaaf74 e-flex e-con-boxed e-con e-parent\" data-id=\"faaaf74\" data-element_type=\"container\">\n\t\t\t\t\t<div class=\"e-con-inner\">\n\t\t\t\t<div class=\"elementor-element elementor-element-a6ff9a4 elementor-widget elementor-widget-text-editor\" data-id=\"a6ff9a4\" data-element_type=\"widget\" data-widget_type=\"text-editor.default\">\n\t\t\t\t<div class=\"elementor-widget-container\">\n\t\t\t\t\t\t\t\t\t<p>Alguns autors classifiquen el problema de respirar per la boca com la plaga del segle XXI, ja que afecta, avui en dia, al 45% dels adults. I amb prou feines som conscients de com resulta de perjudicial per a la nostra salut general i per a la nostra boca.<\/p>\n<p>Per al correcte funcionament de tot el nostre cos, \u00e9s molt convenient que respirem de manera habitual pel nas, de manera pausada, r\u00edtmica i per ambd\u00f3s costats alhora. La respiraci\u00f3 oral s&#8217;ha accentuat com a conseq\u00fc\u00e8ncia de l&#8217;\u00fas continuat de m\u00e0scares.<\/p>\n<p>La saturaci\u00f3 d&#8217;oxigen a la sang baixa del 96 al 92%, s&#8217;oxigena menys el cervell, es redueix la pressi\u00f3 negativa a la nostra boca i els efectes sobre la nostra salut s\u00f3n m\u00faltiples.<\/p>\n<p>Se sap que els esportistes que respiren per la boca es lesionen molt m\u00e9s sovint.<\/p>\n<p>Els respiradors orals que s\u00f3n infectats pel virus COVID-19 tenen 9 vegades m\u00e9s probabilitats de ser intubats i 4 vegades m\u00e9s probabilitats de morir.<\/p>\n<p>El nen respirador oral consumeix, de mitjana, el doble d&#8217;antibi\u00f2tics, pateix m\u00e9s otitis i posiciona la llengua a la part baixa de la boca, de manera que el paladar no es desenvolupa b\u00e9 i queda m\u00e9s estret, els queixals acaben encaixant en posici\u00f3 creuada i es retreu el perfil de la cara en cr\u00e9ixer.<\/p>\n<p>Sovint, les persones que masteguen amb prefer\u00e8ncia per un sol costat de la boca presenten la finestra nasal d&#8217;aquest costat m\u00e9s tancada, cosa que els condiciona a respirar per la boca. S&#8217;ha trobat que les persones que respiren malament pel costat esquerre pateixen m\u00e9s infarts de miocardi. La masticaci\u00f3 hauria de ser tamb\u00e9 pausada, profunda, r\u00edtmica i per tots dos costats alhora. La forma com encaixen les dents influeix molt en aquesta capacitat.<\/p>\t\t\t\t\t\t\t\t<\/div>\n\t\t\t\t<\/div>\n\t\t\t\t\t<\/div>\n\t\t\t\t<\/div>\n\t\t<div class=\"elementor-element elementor-element-747f9e4 e-flex e-con-boxed e-con e-parent\" data-id=\"747f9e4\" data-element_type=\"container\">\n\t\t\t\t\t<div class=\"e-con-inner\">\n\t\t\t\t<div class=\"elementor-element elementor-element-95daabe elementor-widget elementor-widget-image\" data-id=\"95daabe\" data-element_type=\"widget\" data-widget_type=\"image.default\">\n\t\t\t\t<div class=\"elementor-widget-container\">\n\t\t\t\t\t\t\t\t\t\t\t\t\t\t\t<img fetchpriority=\"high\" decoding=\"async\" width=\"444\" height=\"629\" src=\"https:\/\/clinicapadros.com\/wp-content\/uploads\/2022\/02\/respiracion-oral-problema-respirar-boca.jpg\" class=\"attachment-large size-large wp-image-10740\" alt=\"\" srcset=\"https:\/\/clinicapadros.com\/wp-content\/uploads\/2022\/02\/respiracion-oral-problema-respirar-boca.jpg 444w, https:\/\/clinicapadros.com\/wp-content\/uploads\/2022\/02\/respiracion-oral-problema-respirar-boca-212x300.jpg 212w, https:\/\/clinicapadros.com\/wp-content\/uploads\/2022\/02\/respiracion-oral-problema-respirar-boca-88x125.jpg 88w, https:\/\/clinicapadros.com\/wp-content\/uploads\/2022\/02\/respiracion-oral-problema-respirar-boca-53x75.jpg 53w\" sizes=\"(max-width: 444px) 100vw, 444px\" \/>\t\t\t\t\t\t\t\t\t\t\t\t\t\t\t<\/div>\n\t\t\t\t<\/div>\n\t\t\t\t<div class=\"elementor-element elementor-element-611c04c elementor-widget elementor-widget-image\" data-id=\"611c04c\" data-element_type=\"widget\" data-widget_type=\"image.default\">\n\t\t\t\t<div class=\"elementor-widget-container\">\n\t\t\t\t\t\t\t\t\t\t\t\t\t\t\t<img decoding=\"async\" width=\"625\" height=\"560\" src=\"https:\/\/clinicapadros.com\/wp-content\/uploads\/2022\/02\/respiracion-oral-problema-respirar-boca-1.jpg\" class=\"attachment-large size-large wp-image-10743\" alt=\"\" srcset=\"https:\/\/clinicapadros.com\/wp-content\/uploads\/2022\/02\/respiracion-oral-problema-respirar-boca-1.jpg 625w, https:\/\/clinicapadros.com\/wp-content\/uploads\/2022\/02\/respiracion-oral-problema-respirar-boca-1-300x269.jpg 300w, https:\/\/clinicapadros.com\/wp-content\/uploads\/2022\/02\/respiracion-oral-problema-respirar-boca-1-125x112.jpg 125w, https:\/\/clinicapadros.com\/wp-content\/uploads\/2022\/02\/respiracion-oral-problema-respirar-boca-1-75x67.jpg 75w\" sizes=\"(max-width: 625px) 100vw, 625px\" \/>\t\t\t\t\t\t\t\t\t\t\t\t\t\t\t<\/div>\n\t\t\t\t<\/div>\n\t\t\t\t\t<\/div>\n\t\t\t\t<\/div>\n\t\t<div class=\"elementor-element elementor-element-b172225 e-flex e-con-boxed e-con e-parent\" data-id=\"b172225\" data-element_type=\"container\">\n\t\t\t\t\t<div class=\"e-con-inner\">\n\t\t\t\t<div class=\"elementor-element elementor-element-4143835 elementor-widget elementor-widget-text-editor\" data-id=\"4143835\" data-element_type=\"widget\" data-widget_type=\"text-editor.default\">\n\t\t\t\t<div class=\"elementor-widget-container\">\n\t\t\t\t\t\t\t\t\t<p>Qui respira malament, acaba mastegant malament. I qui mastega malament acaba respirant malament. Per aix\u00f2 \u00e9s important tenir en compte tots dos aspectes.<\/p>\n<p>Les persones pateixen escoliosi desviada habitualment cap al costat de la masticaci\u00f3.<\/p>\n<p>El respirador oral patir\u00e0 amb m\u00e9s facilitat de genives inflamades, boca seca, roncs nocturns, gingivitis i faringitis, problemes de bruxisme, refluxos, contractures cervicals, cefalees, migranyes, vert\u00edgens, depressi\u00f3, al\u00b7l\u00e8rgies i aftes. Tamb\u00e9 afectar\u00e0 la libido, la mem\u00f2ria i la irritabilitat.<\/p>\n<p>La respiraci\u00f3 oral redueix la pressi\u00f3 negativa a la boca, de manera que les genives poden retreure&#8217;s i les papil\u00b7les poden tendir a desapar\u00e8ixer, deixant uns antiest\u00e8tics triangles negres entre les dents. Tot aix\u00f2 afavoreix el pas de l&#8217;aire reduint encara m\u00e9s la pressi\u00f3 negativa, i afavorint que el problema s&#8217;accentu\u00ef amb el temps.<\/p>\n<p>Avui dia podem analitzar i corregir aquest problema de manera senzilla, amb la qual cosa podem recuperar bona part de l&#8217;aspecte i la salut de les genives modificant la respiraci\u00f3, sense dur a terme cap cirurgia, alhora que millorem la salut general del pacient.<\/p>\n<p>Si voleu que valorem l&#8217;estat de la respiraci\u00f3, les genives i la manera com encaixen les dents, no dubteu a consultar-nos.<\/p>\t\t\t\t\t\t\t\t<\/div>\n\t\t\t\t<\/div>\n\t\t\t\t\t<\/div>\n\t\t\t\t<\/div>\n\t\t<div class=\"elementor-element elementor-element-cad81ab e-flex e-con-boxed e-con e-parent\" data-id=\"cad81ab\" data-element_type=\"container\">\n\t\t\t\t\t<div class=\"e-con-inner\">\n\t\t\t\t<div class=\"elementor-element elementor-element-b58ebd7 elementor-widget__width-initial elementor-widget elementor-widget-image\" data-id=\"b58ebd7\" data-element_type=\"widget\" data-widget_type=\"image.default\">\n\t\t\t\t<div class=\"elementor-widget-container\">\n\t\t\t\t\t\t\t\t\t\t\t\t\t\t\t<img decoding=\"async\" width=\"250\" height=\"175\" src=\"https:\/\/clinicapadros.com\/wp-content\/uploads\/2018\/11\/facilidad-de-pago.png\" class=\"attachment-large size-large wp-image-6280\" alt=\"\" srcset=\"https:\/\/clinicapadros.com\/wp-content\/uploads\/2018\/11\/facilidad-de-pago.png 250w, https:\/\/clinicapadros.com\/wp-content\/uploads\/2018\/11\/facilidad-de-pago-125x88.png 125w, https:\/\/clinicapadros.com\/wp-content\/uploads\/2018\/11\/facilidad-de-pago-75x53.png 75w\" sizes=\"(max-width: 250px) 100vw, 250px\" \/>\t\t\t\t\t\t\t\t\t\t\t\t\t\t\t<\/div>\n\t\t\t\t<\/div>\n\t\t\t\t<div class=\"elementor-element elementor-element-dea243a elementor-widget elementor-widget-text-editor\" data-id=\"dea243a\" data-element_type=\"widget\" data-widget_type=\"text-editor.default\">\n\t\t\t\t<div class=\"elementor-widget-container\">\n\t\t\t\t\t\t\t\t\t<p>Facilitats de pagament fins a 5 anys<\/p>\t\t\t\t\t\t\t\t<\/div>\n\t\t\t\t<\/div>\n\t\t\t\t\t<\/div>\n\t\t\t\t<\/div>\n\t\t<div class=\"elementor-element elementor-element-89bf6fb e-flex e-con-boxed e-con e-parent\" data-id=\"89bf6fb\" data-element_type=\"container\" data-settings=\"{&quot;background_background&quot;:&quot;classic&quot;}\">\n\t\t\t\t\t<div class=\"e-con-inner\">\n\t\t\t\t<div class=\"elementor-element elementor-element-d5634a4 elementor-widget elementor-widget-text-editor\" data-id=\"d5634a4\" data-element_type=\"widget\" data-widget_type=\"text-editor.default\">\n\t\t\t\t<div class=\"elementor-widget-container\">\n\t\t\t\t\t\t\t\t\t<p>Has trobat tota la informaci\u00f3 que estaves buscant? T&#8217;ha semblat interessant? Deixa&#8217;ns la teva valoraci\u00f3:<\/p>\t\t\t\t\t\t\t\t<\/div>\n\t\t\t\t<\/div>\n\t\t\t\t<div class=\"elementor-element elementor-element-f8a6c94 elementor-widget elementor-widget-shortcode\" data-id=\"f8a6c94\" data-element_type=\"widget\" data-widget_type=\"shortcode.default\">\n\t\t\t\t<div class=\"elementor-widget-container\">\n\t\t\t\t\t\t\t<div class=\"elementor-shortcode\">[ratings]<\/div>\n\t\t\t\t\t\t<\/div>\n\t\t\t\t<\/div>\n\t\t\t\t\t<\/div>\n\t\t\t\t<\/div>\n\t\t\t\t<\/div>\n\t\t","protected":false},"excerpt":{"rendered":"<p>T\u00e8rapia neural i rehabilitaci\u00f3 masticat\u00f2ria-respirat\u00f2ria El problema de respirar per la boca El problema de respirar per la boca Alguns autors classifiquen el problema de respirar per la boca com la plaga del segle XXI, ja que afecta, avui en dia, al 45% dels adults. I amb prou feines som conscients de com resulta de &#8230; <a title=\"T\u00e8rapia neural i rehabilitaci\u00f3 masticat\u00f2ria-respirat\u00f2ria\" class=\"read-more\" href=\"https:\/\/clinicapadros.com\/ca\/tractaments\/terapia-neural-y-rehabilitacio-masticatoria-respiratoria\/\" aria-label=\"Read more about T\u00e8rapia neural i rehabilitaci\u00f3 masticat\u00f2ria-respirat\u00f2ria\">Read more<\/a><\/p>\n","protected":false},"author":7,"featured_media":0,"parent":15231,"menu_order":0,"comment_status":"closed","ping_status":"closed","template":"elementor_header_footer","meta":{"footnotes":""},"class_list":["post-15257","page","type-page","status-publish"],"yoast_head":"<!-- This site is optimized with the Yoast SEO Premium plugin v21.5 (Yoast SEO v27.3) - https:\/\/yoast.com\/product\/yoast-seo-premium-wordpress\/ -->\n<title>T\u00e8rapia neural i rehabilitaci\u00f3 masticat\u00f2ria-respirat\u00f2ria - Cl\u00ednica Dental Padr\u00f3s<\/title>\n<meta name=\"description\" content=\"Respiraci\u00f3 oral a Cl\u00ednica Padr\u00f3s: Diagn\u00f2stic i tractament de les alteracions respirat\u00f2ries relacionades amb la boca. Millora la teva salut respirat\u00f2ria.\" \/>\n<meta name=\"robots\" content=\"index, follow, max-snippet:-1, max-image-preview:large, max-video-preview:-1\" \/>\n<link rel=\"canonical\" href=\"https:\/\/clinicapadros.com\/ca\/tractaments\/terapia-neural-y-rehabilitacio-masticatoria-respiratoria\/\" \/>\n<meta property=\"og:locale\" content=\"ca_ES\" \/>\n<meta property=\"og:type\" content=\"article\" \/>\n<meta property=\"og:title\" content=\"T\u00e8rapia neural i rehabilitaci\u00f3 masticat\u00f2ria-respirat\u00f2ria\" \/>\n<meta property=\"og:description\" content=\"Respiraci\u00f3 oral a Cl\u00ednica Padr\u00f3s: Diagn\u00f2stic i tractament de les alteracions respirat\u00f2ries relacionades amb la boca. Millora la teva salut respirat\u00f2ria.\" \/>\n<meta property=\"og:url\" content=\"https:\/\/clinicapadros.com\/ca\/tractaments\/terapia-neural-y-rehabilitacio-masticatoria-respiratoria\/\" \/>\n<meta property=\"og:site_name\" content=\"Cl\u00ednica Dental Padr\u00f3s\" \/>\n<meta property=\"article:publisher\" content=\"http:\/\/www.facebook.com\/clinicapadros\" \/>\n<meta property=\"article:modified_time\" content=\"2024-05-17T09:57:22+00:00\" \/>\n<meta property=\"og:image\" content=\"https:\/\/clinicapadros.com\/wp-content\/uploads\/2022\/02\/respiracion-oral-problema-respirar-boca.jpg\" \/>\n<meta name=\"twitter:card\" content=\"summary_large_image\" \/>\n<meta name=\"twitter:site\" content=\"@clinicapadros\" \/>\n<meta name=\"twitter:label1\" content=\"Est. reading time\" \/>\n\t<meta name=\"twitter:data1\" content=\"4 minutes\" \/>\n<script type=\"application\/ld+json\" class=\"yoast-schema-graph\">{\"@context\":\"https:\\\/\\\/schema.org\",\"@graph\":[{\"@type\":\"WebPage\",\"@id\":\"https:\\\/\\\/clinicapadros.com\\\/ca\\\/tractaments\\\/terapia-neural-y-rehabilitacio-masticatoria-respiratoria\\\/\",\"url\":\"https:\\\/\\\/clinicapadros.com\\\/ca\\\/tractaments\\\/terapia-neural-y-rehabilitacio-masticatoria-respiratoria\\\/\",\"name\":\"T\u00e8rapia neural i rehabilitaci\u00f3 masticat\u00f2ria-respirat\u00f2ria - Cl\u00ednica Dental Padr\u00f3s\",\"isPartOf\":{\"@id\":\"https:\\\/\\\/clinicapadros.com\\\/ca\\\/#website\"},\"primaryImageOfPage\":{\"@id\":\"https:\\\/\\\/clinicapadros.com\\\/ca\\\/tractaments\\\/terapia-neural-y-rehabilitacio-masticatoria-respiratoria\\\/#primaryimage\"},\"image\":{\"@id\":\"https:\\\/\\\/clinicapadros.com\\\/ca\\\/tractaments\\\/terapia-neural-y-rehabilitacio-masticatoria-respiratoria\\\/#primaryimage\"},\"thumbnailUrl\":\"https:\\\/\\\/clinicapadros.com\\\/wp-content\\\/uploads\\\/2022\\\/02\\\/respiracion-oral-problema-respirar-boca.jpg\",\"datePublished\":\"2024-04-03T14:01:26+00:00\",\"dateModified\":\"2024-05-17T09:57:22+00:00\",\"description\":\"Respiraci\u00f3 oral a Cl\u00ednica Padr\u00f3s: Diagn\u00f2stic i tractament de les alteracions respirat\u00f2ries relacionades amb la boca. Millora la teva salut respirat\u00f2ria.\",\"breadcrumb\":{\"@id\":\"https:\\\/\\\/clinicapadros.com\\\/ca\\\/tractaments\\\/terapia-neural-y-rehabilitacio-masticatoria-respiratoria\\\/#breadcrumb\"},\"inLanguage\":\"ca-ES\",\"potentialAction\":[{\"@type\":\"ReadAction\",\"target\":[\"https:\\\/\\\/clinicapadros.com\\\/ca\\\/tractaments\\\/terapia-neural-y-rehabilitacio-masticatoria-respiratoria\\\/\"]}]},{\"@type\":\"ImageObject\",\"inLanguage\":\"ca-ES\",\"@id\":\"https:\\\/\\\/clinicapadros.com\\\/ca\\\/tractaments\\\/terapia-neural-y-rehabilitacio-masticatoria-respiratoria\\\/#primaryimage\",\"url\":\"https:\\\/\\\/clinicapadros.com\\\/wp-content\\\/uploads\\\/2022\\\/02\\\/respiracion-oral-problema-respirar-boca.jpg\",\"contentUrl\":\"https:\\\/\\\/clinicapadros.com\\\/wp-content\\\/uploads\\\/2022\\\/02\\\/respiracion-oral-problema-respirar-boca.jpg\"},{\"@type\":\"BreadcrumbList\",\"@id\":\"https:\\\/\\\/clinicapadros.com\\\/ca\\\/tractaments\\\/terapia-neural-y-rehabilitacio-masticatoria-respiratoria\\\/#breadcrumb\",\"itemListElement\":[{\"@type\":\"ListItem\",\"position\":1,\"name\":\"Home\",\"item\":\"https:\\\/\\\/clinicapadros.com\\\/ca\\\/\"},{\"@type\":\"ListItem\",\"position\":2,\"name\":\"Tractaments\",\"item\":\"https:\\\/\\\/clinicapadros.com\\\/ca\\\/tratamientos\\\/\"},{\"@type\":\"ListItem\",\"position\":3,\"name\":\"T\u00e8rapia neural i rehabilitaci\u00f3 masticat\u00f2ria-respirat\u00f2ria\"}]},{\"@type\":\"WebSite\",\"@id\":\"https:\\\/\\\/clinicapadros.com\\\/ca\\\/#website\",\"url\":\"https:\\\/\\\/clinicapadros.com\\\/ca\\\/\",\"name\":\"Cl\u00ednica Dental Padr\u00f3s\",\"description\":\"Buen dentista en Barcelona\",\"publisher\":{\"@id\":\"https:\\\/\\\/clinicapadros.com\\\/ca\\\/#organization\"},\"potentialAction\":[{\"@type\":\"SearchAction\",\"target\":{\"@type\":\"EntryPoint\",\"urlTemplate\":\"https:\\\/\\\/clinicapadros.com\\\/ca\\\/?s={search_term_string}\"},\"query-input\":{\"@type\":\"PropertyValueSpecification\",\"valueRequired\":true,\"valueName\":\"search_term_string\"}}],\"inLanguage\":\"ca-ES\"},{\"@type\":\"Organization\",\"@id\":\"https:\\\/\\\/clinicapadros.com\\\/ca\\\/#organization\",\"name\":\"Cl\u00ednica Dental Padr\u00f3s\",\"url\":\"https:\\\/\\\/clinicapadros.com\\\/ca\\\/\",\"logo\":{\"@type\":\"ImageObject\",\"inLanguage\":\"ca-ES\",\"@id\":\"https:\\\/\\\/clinicapadros.com\\\/ca\\\/#\\\/schema\\\/logo\\\/image\\\/\",\"url\":\"https:\\\/\\\/clinicapadros.com\\\/wp-content\\\/uploads\\\/2017\\\/04\\\/logo-clinica-dental-padros.jpg\",\"contentUrl\":\"https:\\\/\\\/clinicapadros.com\\\/wp-content\\\/uploads\\\/2017\\\/04\\\/logo-clinica-dental-padros.jpg\",\"width\":365,\"height\":80,\"caption\":\"Cl\u00ednica Dental Padr\u00f3s\"},\"image\":{\"@id\":\"https:\\\/\\\/clinicapadros.com\\\/ca\\\/#\\\/schema\\\/logo\\\/image\\\/\"},\"sameAs\":[\"http:\\\/\\\/www.facebook.com\\\/clinicapadros\",\"https:\\\/\\\/x.com\\\/clinicapadros\",\"https:\\\/\\\/instagram.com\\\/clinicapadros\",\"https:\\\/\\\/es.pinterest.com\\\/clinicapadros\\\/\",\"https:\\\/\\\/www.youtube.com\\\/clinicapadros\"]}]}<\/script>\n<!-- \/ Yoast SEO Premium plugin. -->","yoast_head_json":{"title":"T\u00e8rapia neural i rehabilitaci\u00f3 masticat\u00f2ria-respirat\u00f2ria - Cl\u00ednica Dental Padr\u00f3s","description":"Respiraci\u00f3 oral a Cl\u00ednica Padr\u00f3s: Diagn\u00f2stic i tractament de les alteracions respirat\u00f2ries relacionades amb la boca. Millora la teva salut respirat\u00f2ria.","robots":{"index":"index","follow":"follow","max-snippet":"max-snippet:-1","max-image-preview":"max-image-preview:large","max-video-preview":"max-video-preview:-1"},"canonical":"https:\/\/clinicapadros.com\/ca\/tractaments\/terapia-neural-y-rehabilitacio-masticatoria-respiratoria\/","og_locale":"ca_ES","og_type":"article","og_title":"T\u00e8rapia neural i rehabilitaci\u00f3 masticat\u00f2ria-respirat\u00f2ria","og_description":"Respiraci\u00f3 oral a Cl\u00ednica Padr\u00f3s: Diagn\u00f2stic i tractament de les alteracions respirat\u00f2ries relacionades amb la boca. Millora la teva salut respirat\u00f2ria.","og_url":"https:\/\/clinicapadros.com\/ca\/tractaments\/terapia-neural-y-rehabilitacio-masticatoria-respiratoria\/","og_site_name":"Cl\u00ednica Dental Padr\u00f3s","article_publisher":"http:\/\/www.facebook.com\/clinicapadros","article_modified_time":"2024-05-17T09:57:22+00:00","og_image":[{"url":"https:\/\/clinicapadros.com\/wp-content\/uploads\/2022\/02\/respiracion-oral-problema-respirar-boca.jpg","type":"","width":"","height":""}],"twitter_card":"summary_large_image","twitter_site":"@clinicapadros","twitter_misc":{"Est. reading time":"4 minutes"},"schema":{"@context":"https:\/\/schema.org","@graph":[{"@type":"WebPage","@id":"https:\/\/clinicapadros.com\/ca\/tractaments\/terapia-neural-y-rehabilitacio-masticatoria-respiratoria\/","url":"https:\/\/clinicapadros.com\/ca\/tractaments\/terapia-neural-y-rehabilitacio-masticatoria-respiratoria\/","name":"T\u00e8rapia neural i rehabilitaci\u00f3 masticat\u00f2ria-respirat\u00f2ria - Cl\u00ednica Dental Padr\u00f3s","isPartOf":{"@id":"https:\/\/clinicapadros.com\/ca\/#website"},"primaryImageOfPage":{"@id":"https:\/\/clinicapadros.com\/ca\/tractaments\/terapia-neural-y-rehabilitacio-masticatoria-respiratoria\/#primaryimage"},"image":{"@id":"https:\/\/clinicapadros.com\/ca\/tractaments\/terapia-neural-y-rehabilitacio-masticatoria-respiratoria\/#primaryimage"},"thumbnailUrl":"https:\/\/clinicapadros.com\/wp-content\/uploads\/2022\/02\/respiracion-oral-problema-respirar-boca.jpg","datePublished":"2024-04-03T14:01:26+00:00","dateModified":"2024-05-17T09:57:22+00:00","description":"Respiraci\u00f3 oral a Cl\u00ednica Padr\u00f3s: Diagn\u00f2stic i tractament de les alteracions respirat\u00f2ries relacionades amb la boca. Millora la teva salut respirat\u00f2ria.","breadcrumb":{"@id":"https:\/\/clinicapadros.com\/ca\/tractaments\/terapia-neural-y-rehabilitacio-masticatoria-respiratoria\/#breadcrumb"},"inLanguage":"ca-ES","potentialAction":[{"@type":"ReadAction","target":["https:\/\/clinicapadros.com\/ca\/tractaments\/terapia-neural-y-rehabilitacio-masticatoria-respiratoria\/"]}]},{"@type":"ImageObject","inLanguage":"ca-ES","@id":"https:\/\/clinicapadros.com\/ca\/tractaments\/terapia-neural-y-rehabilitacio-masticatoria-respiratoria\/#primaryimage","url":"https:\/\/clinicapadros.com\/wp-content\/uploads\/2022\/02\/respiracion-oral-problema-respirar-boca.jpg","contentUrl":"https:\/\/clinicapadros.com\/wp-content\/uploads\/2022\/02\/respiracion-oral-problema-respirar-boca.jpg"},{"@type":"BreadcrumbList","@id":"https:\/\/clinicapadros.com\/ca\/tractaments\/terapia-neural-y-rehabilitacio-masticatoria-respiratoria\/#breadcrumb","itemListElement":[{"@type":"ListItem","position":1,"name":"Home","item":"https:\/\/clinicapadros.com\/ca\/"},{"@type":"ListItem","position":2,"name":"Tractaments","item":"https:\/\/clinicapadros.com\/ca\/tratamientos\/"},{"@type":"ListItem","position":3,"name":"T\u00e8rapia neural i rehabilitaci\u00f3 masticat\u00f2ria-respirat\u00f2ria"}]},{"@type":"WebSite","@id":"https:\/\/clinicapadros.com\/ca\/#website","url":"https:\/\/clinicapadros.com\/ca\/","name":"Cl\u00ednica Dental Padr\u00f3s","description":"Buen dentista en Barcelona","publisher":{"@id":"https:\/\/clinicapadros.com\/ca\/#organization"},"potentialAction":[{"@type":"SearchAction","target":{"@type":"EntryPoint","urlTemplate":"https:\/\/clinicapadros.com\/ca\/?s={search_term_string}"},"query-input":{"@type":"PropertyValueSpecification","valueRequired":true,"valueName":"search_term_string"}}],"inLanguage":"ca-ES"},{"@type":"Organization","@id":"https:\/\/clinicapadros.com\/ca\/#organization","name":"Cl\u00ednica Dental Padr\u00f3s","url":"https:\/\/clinicapadros.com\/ca\/","logo":{"@type":"ImageObject","inLanguage":"ca-ES","@id":"https:\/\/clinicapadros.com\/ca\/#\/schema\/logo\/image\/","url":"https:\/\/clinicapadros.com\/wp-content\/uploads\/2017\/04\/logo-clinica-dental-padros.jpg","contentUrl":"https:\/\/clinicapadros.com\/wp-content\/uploads\/2017\/04\/logo-clinica-dental-padros.jpg","width":365,"height":80,"caption":"Cl\u00ednica Dental Padr\u00f3s"},"image":{"@id":"https:\/\/clinicapadros.com\/ca\/#\/schema\/logo\/image\/"},"sameAs":["http:\/\/www.facebook.com\/clinicapadros","https:\/\/x.com\/clinicapadros","https:\/\/instagram.com\/clinicapadros","https:\/\/es.pinterest.com\/clinicapadros\/","https:\/\/www.youtube.com\/clinicapadros"]}]}},"_links":{"self":[{"href":"https:\/\/clinicapadros.com\/ca\/wp-json\/wp\/v2\/pages\/15257","targetHints":{"allow":["GET"]}}],"collection":[{"href":"https:\/\/clinicapadros.com\/ca\/wp-json\/wp\/v2\/pages"}],"about":[{"href":"https:\/\/clinicapadros.com\/ca\/wp-json\/wp\/v2\/types\/page"}],"author":[{"embeddable":true,"href":"https:\/\/clinicapadros.com\/ca\/wp-json\/wp\/v2\/users\/7"}],"replies":[{"embeddable":true,"href":"https:\/\/clinicapadros.com\/ca\/wp-json\/wp\/v2\/comments?post=15257"}],"version-history":[{"count":10,"href":"https:\/\/clinicapadros.com\/ca\/wp-json\/wp\/v2\/pages\/15257\/revisions"}],"predecessor-version":[{"id":17102,"href":"https:\/\/clinicapadros.com\/ca\/wp-json\/wp\/v2\/pages\/15257\/revisions\/17102"}],"up":[{"embeddable":true,"href":"https:\/\/clinicapadros.com\/ca\/wp-json\/wp\/v2\/pages\/15231"}],"wp:attachment":[{"href":"https:\/\/clinicapadros.com\/ca\/wp-json\/wp\/v2\/media?parent=15257"}],"curies":[{"name":"wp","href":"https:\/\/api.w.org\/{rel}","templated":true}]}}