{"id":15219,"date":"2024-03-14T18:59:23","date_gmt":"2024-03-14T16:59:23","guid":{"rendered":"https:\/\/clinicapadros.com\/politica-de-privacidad\/"},"modified":"2024-05-23T09:16:08","modified_gmt":"2024-05-23T07:16:08","slug":"politica-privacitat","status":"publish","type":"page","link":"https:\/\/clinicapadros.com\/ca\/politica-privacitat\/","title":{"rendered":"Pol\u00edtica de privacitat"},"content":{"rendered":"\t\t<div data-elementor-type=\"wp-page\" data-elementor-id=\"15219\" class=\"elementor elementor-15219 elementor-13006\" data-elementor-post-type=\"page\">\n\t\t\t\t<div class=\"elementor-element elementor-element-76b72b5 e-flex e-con-boxed e-con e-parent\" data-id=\"76b72b5\" data-element_type=\"container\">\n\t\t\t\t\t<div class=\"e-con-inner\">\n\t\t\t\t<div class=\"elementor-element elementor-element-b289b12 elementor-widget elementor-widget-heading\" data-id=\"b289b12\" data-element_type=\"widget\" data-widget_type=\"heading.default\">\n\t\t\t\t<div class=\"elementor-widget-container\">\n\t\t\t\t\t<h1 class=\"elementor-heading-title elementor-size-default\">Pol\u00edtica de privacitat<\/h1>\t\t\t\t<\/div>\n\t\t\t\t<\/div>\n\t\t\t\t\t<\/div>\n\t\t\t\t<\/div>\n\t\t<div class=\"elementor-element elementor-element-886d634 e-flex e-con-boxed e-con e-parent\" data-id=\"886d634\" data-element_type=\"container\">\n\t\t\t\t\t<div class=\"e-con-inner\">\n\t\t\t\t<div class=\"elementor-element elementor-element-f22e6e7 elementor-widget__width-initial elementor-widget elementor-widget-html\" data-id=\"f22e6e7\" data-element_type=\"widget\" data-widget_type=\"html.default\">\n\t\t\t\t<div class=\"elementor-widget-container\">\n\t\t\t\t\t<p>Quan requerim obtenir informaci\u00f3 per part seva, sempre li sol\u00b7licitarem que ens la proporcioni volunt\u00e0riament de manera expressa. Les dades recaptades a trav\u00e9s dels formularis de recollida de dades del lloc web o altres vies seran incorporats als sistemes de tractament de <strong>CLINICA PADR\u00d3S SERRAT PARAL\u00b7LEL S.L.<\/strong>.<\/p>\r\n<p>Aquesta entitat tractar\u00e0 les dades de manera confidencial i exclusivament amb la finalitat d&#8217;oferir els serveis sol\u00b7licitats, amb totes les garanties legals i de seguretat que imposa el Reglament (UE) 2016\/679 del Parlament Europeu i del Consell, de 27 d&#8217;abril de 2016, relatiu a la protecci\u00f3 de les persones f\u00edsiques pel que fa al tractament de dades personals i a la lliure circulaci\u00f3 d&#8217;aquestes dades i la Llei 34\/2002, d&#8217;11 de juliol, de Serveis de la Societat de la Informaci\u00f3 i Comer\u00e7 Electr\u00f2nic.<\/p>\r\n<h2>Qui \u00e9s el responsable de tractament de les seves dades?<\/h2>\r\n<ul>\r\n<li>El responsable \u00e9s CLINICA PADR\u00d3S SERRAT PARAL\u00b7LEL S.L.<\/li>\r\n<li>El seu CIF \u00e9s: <strong>B66394602<\/strong><\/li>\r\n<li>El seu domicili est\u00e0 a:<strong> AVENIDA PARAL LEL N\u00ba 84 PRINCIPAL 1\u00ba &#8211; BARCELONA (08015)<\/strong><\/li>\r\n<li>Correu electr\u00f2nic:<strong> mmb@clinicapadros.cat<\/strong><\/li>\r\n<li>Registre mercantil <strong><em>de Barcelona, en el Tom 44537 Foli 105 Fulla B459131 Inscripci\u00f3 1<\/em><\/strong><\/li>\r\n<\/ul>\r\n<h3>CONTACTE DELEGAT DE PROTECCI\u00d3 DE DADES<\/h3>\r\n<p><a href=\"mailto:dpo.clinicapadros@lock4data.es\"><strong>dpo.clinicapadros@lock4data.es<\/strong><\/a><\/p>\r\n<h2>Amb quina finalitat tractem les seves dades personals?<\/h2>\r\n<p>A<strong> CLINICA PADR\u00d3S SERRAT PARAL\u00b7LEL S.L.<\/strong> tractem la informaci\u00f3 que ens faciliten els interessats de manera lleial, l\u00edcita i transparent donant compliment a la normativa UE 2016\/679 de 27 d&#8217;abril del Parlament Europeu i del Consell i Llei 3\/2018 de 5 de desembre de Protecci\u00f3 de dades i garantia de drets digitals.<\/p>\r\n<h3>Si ets CLIENT\/PACIENT o USUARI:<\/h3>\r\n<p>Si ets client\/pacient o usuari, tractarem les seg\u00fcents categories de dades personals:<\/p>\r\n<ul>\r\n<li>Dades identificatives (nom, cognoms, DNI\u2026)<\/li>\r\n<li>Dades de contacte (correu electr\u00f2nic, Whatsapp\u2026)<\/li>\r\n<li>Dades banc\u00e0ries (n\u00famero de compte, targeta banc\u00e0ria&#8230;)<\/li>\r\n<li>Dades econ\u00f2miques en cas de sol\u00b7licitar finan\u00e7ament (n\u00f2mina, documentaci\u00f3 relativa a la solv\u00e8ncia econ\u00f2mica\u2026)<\/li>\r\n<li>Dades d&#8217;hist\u00f2ria cl\u00ednica (salut, imatge&#8230;)<\/li>\r\n<li>Altres dades (facilitats per l&#8217;interessat en formularis oberts o comunicacions)<\/li>\r\n<\/ul>\r\n<h4>Tractem les teves dades amb la finalitat de:<\/h4>\r\n<ul>\r\n<li>Gestionar els serveis, informaci\u00f3 i\/o productes sol\u00b7licitats.<\/li>\r\n<li>Realitzar els tractaments i seguiment m\u00e8dic.<\/li>\r\n<li>Enviar comunicacions d&#8217;inter\u00e8s (si l&#8217;interessat hagu\u00e9s prestat la deguda autoritzaci\u00f3)<\/li>\r\n<li>Complir les obligacions legals aplicables al responsable.<\/li>\r\n<\/ul>\r\n<h3>Si ets EMPLEAT o SOL\u00b7LICITANT D&#8217;OCUPACI\u00d3:<\/h3>\r\n<p>Si ets emprat o sol\u00b7licitant\/candidat, tractarem les seg\u00fcents categories de dades personals<\/p>\r\n<ul>\r\n<li>Dades identificatives (nom, cognoms, DNI\u2026)<\/li>\r\n<li>Dades incloses en el curriculum vitae (Estudis, experi\u00e8ncia laboral, aficions\u2026)<\/li>\r\n<li>Dades de contacte (correu electr\u00f2nic, Whatsapp\u2026)<\/li>\r\n<li>Dades banc\u00e0ries (n\u00famero de compte, titular, mandat S\u00c0PIGA)<\/li>\r\n<li>Imatge<\/li>\r\n<li>Altres dades (facilitats per l&#8217;interessat en formularis oberts o comunicacions)<\/li>\r\n<\/ul>\r\n<h4>Tractem les teves dades amb la finalitat de:<\/h4>\r\n<ul>\r\n<li>Gestionar els drets i obligacions relatius a la relaci\u00f3 contractual.<\/li>\r\n<li>Selecci\u00f3 de candidats<\/li>\r\n<li>\u00das, reproducci\u00f3 o publicaci\u00f3 d&#8217;imatge, nom i veu (si l&#8217;interessat hagu\u00e9s prestat la deguda autoritzaci\u00f3)<\/li>\r\n<li>Complir les obligacions legals de les empreses.<\/li>\r\n<\/ul>\r\n<h3>Si ets PROVE\u00cfDOR de la nostra empresa:<\/h3>\r\n<p>Si ets prove\u00efdor, tractarem les seg\u00fcents categories de dades personals:<\/p>\r\n<ul>\r\n<li>Dades identificatives (nom, cognoms, DNI\u2026)<\/li>\r\n<li>Dades de contacte (correu electr\u00f2nic, Whatsapp\u2026)<\/li>\r\n<li>Dades banc\u00e0ries (n\u00famero de compte, facturaci\u00f3\u2026)<\/li>\r\n<li>Altres dades (facilitats per l&#8217;interessat en formularis oberts o comunicacions)<\/li>\r\n<\/ul>\r\n<h4>Tractem les teves dades amb la finalitat de:<\/h4>\r\n<ul>\r\n<li>Gesti\u00f3 administrativa, comptable i fiscal.<\/li>\r\n<li>Seguiment i control de la relaci\u00f3 mercantil.<\/li>\r\n<li>Complir les obligacions legals de les empreses<\/li>\r\n<\/ul>\r\n<h2>Estic obligat a facilitar les dades personals?<\/h2>\r\n<p><strong>CLINICA PADR\u00d3S SERRAT PARAL\u00b7LEL S.L.<\/strong> nom\u00e9s sol\u00b7licitar\u00e0 les dades estrictament necess\u00e0ries per a la realitzaci\u00f3 de la finalitat per a la qual s\u00f3n recaptats, per la qual cosa en cas de no ser facilitats no podr\u00e0 prestar-se el servei sol\u00b7licitat.<\/p>\r\n<h2>Per quant temps conservarem les seves dades?<\/h2>\r\n<p>Les dades personals proporcionades i obtinguts durant la relaci\u00f3 entre l&#8217;interessat i <strong>CLINICA PADR\u00d3S SERRAT PARAL\u00b7LEL S.L.<\/strong> seran conservats durant un termini m\u00e0xim de 5 anys a partir de l&#8217;\u00faltima confirmaci\u00f3 d&#8217;inter\u00e8s o mentre ens obligui una previsi\u00f3 legal, i en aquest cas seran conservats degudament bloquejats i eliminats quan no sigui necessari<\/p>\r\n<h2>Quina \u00e9s la legitimaci\u00f3 per al tractament de les seves dades?<\/h2>\r\n<p>En compliment de l&#8217;article 6.1 del Reglament UE 2016\/679 de 27 d&#8217;abril l&#8217;informem que la legitimaci\u00f3 per al tractament de les seves dades \u00e9s la seg\u00fcent:<\/p>\r\n<ol>\r\n<li><em>l&#8217;interessat va donar el seu consentiment per al tractament de les seves dades personals per a un o diversos fins espec\u00edfics i\/o<\/em><\/li>\r\n<li><em>el tractament \u00e9s necessari per al compliment d&#8217;una obligaci\u00f3 legal aplicable al responsable del tractament i\/o<\/em><\/li>\r\n<li><em>el tractament \u00e9s necessari per la satisfacci\u00f3 d&#8217;interessos leg\u00edtims perseguits pel responsable del tractament o per un tercer, sempre que sobre aquests interessos no prevalguin els interessos o els drets i llibertats fonamentals de l&#8217;interessat que requereixin la protecci\u00f3 de dades personals, en particular quan l&#8217;interessat sigui un nen.<\/em><\/li>\r\n<\/ol>\r\n<h2>A quins destinataris es comunicaran les seves dades?<\/h2>\r\n<p>Les dades tractades per <strong>CLINICA PADR\u00d3S SERRAT PARAL\u00b7LEL S.L.<\/strong> podran ser comunicats a tercers quan aix\u00ed ens obligui una previsi\u00f3 legal.<\/p>\r\n<p>Aix\u00ed mateix <strong>CLINICA PADR\u00d3S SERRAT PARAL\u00b7LEL S.L.<\/strong> compta amb prove\u00efdors de serveis per als quals \u00e9s necessari realitzar comunicaci\u00f3 de dades en diferents \u00e0rees empresarials (administraci\u00f3, comptabilitat, fiscalitat, m\u00e0rqueting, laboral&#8230;). La relaci\u00f3 amb aquestes empreses est\u00e0 regulada segons l&#8217;article 28 del Reglament UE 2016\/679 de 27 d&#8217;abril del Parlament Europeu i del Consell (RGPD). Les dades accedides des d&#8217;aquestes empreses nom\u00e9s seran utilitzats per al fi empresarial necessari no sent conservats per a qualsevol fi ulterior.<\/p>\r\n<h2>Quins s\u00f3n els seus drets quan ens facilita les seves dades?<\/h2>\r\n<p>Qualsevol interessat t\u00e9 dret a obtenir confirmaci\u00f3 sobre si en <strong>CLINICA PADR\u00d3S SERRAT PARAL\u00b7LEL S.L.<\/strong> estem tractant les dades personals que el concerneixin o no.<\/p>\r\n<p>Les persones interessades tenen dret a accedir a les seves dades personals, aix\u00ed com sol\u00b7licitar la rectificaci\u00f3 de dades inexactes o, en el seu cas, sol\u00b7licitar la seva supressi\u00f3 quan, entre altres motius, les dades ja no sigui necessaris per als fins per als quals van ser recollits.<\/p>\r\n<p>En determinades circumst\u00e0ncies, els interessats podran sol\u00b7licitar la limitaci\u00f3 del tractament de les seves dades, i en aquest cas \u00fanicament els conservarem per a l&#8217;exercici o la defensa de reclamacions.  Els usuaris tamb\u00e9 podran oposar-se al tractament de les seves dades. <strong>CLINICA PADR\u00d3S SERRAT PARAL\u00b7LEL S.L.<\/strong> deixar\u00e0 de tractar les dades, excepte per motius leg\u00edtims imperiosos, o en l&#8217;exercici o defensa de reclamacions.<\/p>\r\n<p>L&#8217;usuari pot enviar un escrit a <strong>CLINICA PADR\u00d3S SERRAT PARAL\u00b7LEL S.L.<\/strong>, al domicili del responsable, o b\u00e9 per mitj\u00e0 d&#8217;un correu electr\u00f2nic indicat en l&#8217;encap\u00e7alat de la present Pol\u00edtica, adjuntant fotoc\u00f2pia del seu document d&#8217;identitat, en qualsevol moment i de manera gratu\u00efta, per a:<\/p>\r\n<ul>\r\n<li>Revocar els consentiments atorgats.<\/li>\r\n<li>Obtenir confirmaci\u00f3 sobre si s&#8217;estan tractant dades personals que concerneixen l&#8217;Usuari o no.<\/li>\r\n<li>Accedir a les seves dades personals.<\/li>\r\n<li>Rectificar les dades inexactes o incompletes.<\/li>\r\n<li>Sol\u00b7licitar la supressi\u00f3 de les seves dades quan, entre altres motius, les dades ja no siguin necessaris per als fins que van ser recollits.<\/li>\r\n<li>Obtenir de la limitaci\u00f3 del tractament de les dades quan es compleixi alguna de les condicions previstes en la normativa de protecci\u00f3 de dades.<\/li>\r\n<li>Sol\u00b7licitar la portabilitat de les teves dades.<\/li>\r\n<li>Posar-se en contacte amb el DPO de <strong>CLINICA PADR\u00d3S SERRAT PARAL\u00b7LEL S.L.<\/strong><\/li>\r\n<li>Interposar una reclamaci\u00f3 en l&#8217;autoritat de control (www.aepd.es) en cas de considerar vulnerats els drets que li s\u00f3n reconeguts per la normativa aplicable en protecci\u00f3 de dades.<\/li>\r\n<\/ul>\r\n<p><strong>CLINICA PADR\u00d3S SERRAT PARAL\u00b7LEL S.L.<\/strong> adopta els nivells de seguretat corresponents requerits per la citada normativa de Protecci\u00f3 de Dades de Car\u00e0cter Personal i altra normativa aplicable. Aquests nivells de seguretat s\u00f3n obligats per a aquelles entitats que accedeixin a la nostra informaci\u00f3 en virtut d&#8217;una relaci\u00f3 contractual i\/o prestaci\u00f3 de servei, en aplicaci\u00f3 de l&#8217;article 28 del Reglament UE 2016\/679 (RGPD)<\/p>\r\n<p>No obstant aix\u00f2, no assumeix cap responsabilitat pels danys i perjudicis derivats d&#8217;alteracions que tercers poden causar en els sistemes inform\u00e0tics, documents electr\u00f2nics o fitxers de l&#8217;usuari.<\/p>\r\n<p>Es podran utilitzar cookies durant la prestaci\u00f3 de serveis del lloc web. Les cookies s\u00f3n fitxers f\u00edsics d&#8217;informaci\u00f3 personal allotjats en el propi terminal de l&#8217;usuari. L&#8217;usuari t\u00e9 la possibilitat de configurar el seu programa navegador de manera que s&#8217;impedeixi la creaci\u00f3 d&#8217;arxius cookie o s&#8217;adverteixi d&#8217;aquesta. Revisi la nostra pol\u00edtica de cookies a trav\u00e9s de l&#8217;enlla\u00e7 que trobar\u00e0 en aquesta web.<\/p>\r\n<p>La nostra pol\u00edtica respecte al correu electr\u00f2nic se centra en remetre \u00fanicament comunicacions que vost\u00e8 hagi sol\u00b7licitat rebre.<\/p>\r\n<p>Si prefereix no rebre aquests missatges per correu electr\u00f2nic li oferirem a trav\u00e9s dels mateixos la possibilitat d&#8217;exercir el seu dret de cancel\u00b7laci\u00f3 i ren\u00fancia a la recepci\u00f3 d&#8217;aquests missatges, de conformitat amb el que es disposa en el T\u00edtol III, article 22 de la Llei 34\/2002 de Serveis per a la Societat de la Informaci\u00f3 i de Comer\u00e7 Electr\u00f2nic.<\/p>\t\t\t\t<\/div>\n\t\t\t\t<\/div>\n\t\t\t\t\t<\/div>\n\t\t\t\t<\/div>\n\t\t\t\t<\/div>\n\t\t","protected":false},"excerpt":{"rendered":"<p>Pol\u00edtica de privacitat Quan requerim obtenir informaci\u00f3 per part seva, sempre li sol\u00b7licitarem que ens la proporcioni volunt\u00e0riament de manera expressa. Les dades recaptades a trav\u00e9s dels formularis de recollida de dades del lloc web o altres vies seran incorporats als sistemes de tractament de CLINICA PADR\u00d3S SERRAT PARAL\u00b7LEL S.L.. Aquesta entitat tractar\u00e0 les dades &#8230; <a title=\"Pol\u00edtica de privacitat\" class=\"read-more\" href=\"https:\/\/clinicapadros.com\/ca\/politica-privacitat\/\" aria-label=\"Read more about Pol\u00edtica de privacitat\">Read more<\/a><\/p>\n","protected":false},"author":7,"featured_media":0,"parent":0,"menu_order":0,"comment_status":"closed","ping_status":"closed","template":"elementor_header_footer","meta":{"footnotes":""},"class_list":["post-15219","page","type-page","status-publish"],"yoast_head":"<!-- This site is optimized with the Yoast SEO Premium plugin v21.5 (Yoast SEO v27.3) - https:\/\/yoast.com\/product\/yoast-seo-premium-wordpress\/ -->\n<title>Pol\u00edtica de privacitat - Cl\u00ednica Dental Padr\u00f3s<\/title>\n<meta name=\"description\" content=\"Pol\u00edtica de privacitat a Cl\u00ednica Padr\u00f3s: Protegim la teva informaci\u00f3 personal amb els m\u00e9s alts est\u00e0ndards de seguretat i confidencialitat.\" \/>\n<meta name=\"robots\" content=\"noindex, nofollow\" \/>\n<meta property=\"og:locale\" content=\"ca_ES\" \/>\n<meta property=\"og:type\" content=\"article\" \/>\n<meta property=\"og:title\" content=\"Pol\u00edtica de privacitat\" \/>\n<meta property=\"og:description\" content=\"Pol\u00edtica de privacitat a Cl\u00ednica Padr\u00f3s: Protegim la teva informaci\u00f3 personal amb els m\u00e9s alts est\u00e0ndards de seguretat i confidencialitat.\" \/>\n<meta property=\"og:url\" content=\"https:\/\/clinicapadros.com\/ca\/politica-privacitat\/\" \/>\n<meta property=\"og:site_name\" content=\"Cl\u00ednica Dental Padr\u00f3s\" \/>\n<meta property=\"article:publisher\" content=\"http:\/\/www.facebook.com\/clinicapadros\" \/>\n<meta property=\"article:modified_time\" content=\"2024-05-23T07:16:08+00:00\" \/>\n<meta name=\"twitter:card\" content=\"summary_large_image\" \/>\n<meta name=\"twitter:site\" content=\"@clinicapadros\" \/>\n<meta name=\"twitter:label1\" content=\"Est. reading time\" \/>\n\t<meta name=\"twitter:data1\" content=\"7 minutes\" \/>\n<script type=\"application\/ld+json\" class=\"yoast-schema-graph\">{\"@context\":\"https:\\\/\\\/schema.org\",\"@graph\":[{\"@type\":\"WebPage\",\"@id\":\"https:\\\/\\\/clinicapadros.com\\\/ca\\\/politica-privacitat\\\/\",\"url\":\"https:\\\/\\\/clinicapadros.com\\\/ca\\\/politica-privacitat\\\/\",\"name\":\"Pol\u00edtica de privacitat - Cl\u00ednica Dental Padr\u00f3s\",\"isPartOf\":{\"@id\":\"https:\\\/\\\/clinicapadros.com\\\/ca\\\/#website\"},\"datePublished\":\"2024-03-14T16:59:23+00:00\",\"dateModified\":\"2024-05-23T07:16:08+00:00\",\"description\":\"Pol\u00edtica de privacitat a Cl\u00ednica Padr\u00f3s: Protegim la teva informaci\u00f3 personal amb els m\u00e9s alts est\u00e0ndards de seguretat i confidencialitat.\",\"breadcrumb\":{\"@id\":\"https:\\\/\\\/clinicapadros.com\\\/ca\\\/politica-privacitat\\\/#breadcrumb\"},\"inLanguage\":\"ca-ES\",\"potentialAction\":[{\"@type\":\"ReadAction\",\"target\":[\"https:\\\/\\\/clinicapadros.com\\\/ca\\\/politica-privacitat\\\/\"]}]},{\"@type\":\"BreadcrumbList\",\"@id\":\"https:\\\/\\\/clinicapadros.com\\\/ca\\\/politica-privacitat\\\/#breadcrumb\",\"itemListElement\":[{\"@type\":\"ListItem\",\"position\":1,\"name\":\"Home\",\"item\":\"https:\\\/\\\/clinicapadros.com\\\/ca\\\/\"},{\"@type\":\"ListItem\",\"position\":2,\"name\":\"Pol\u00edtica de privacitat\"}]},{\"@type\":\"WebSite\",\"@id\":\"https:\\\/\\\/clinicapadros.com\\\/ca\\\/#website\",\"url\":\"https:\\\/\\\/clinicapadros.com\\\/ca\\\/\",\"name\":\"Cl\u00ednica Dental Padr\u00f3s\",\"description\":\"Buen dentista en Barcelona\",\"publisher\":{\"@id\":\"https:\\\/\\\/clinicapadros.com\\\/ca\\\/#organization\"},\"potentialAction\":[{\"@type\":\"SearchAction\",\"target\":{\"@type\":\"EntryPoint\",\"urlTemplate\":\"https:\\\/\\\/clinicapadros.com\\\/ca\\\/?s={search_term_string}\"},\"query-input\":{\"@type\":\"PropertyValueSpecification\",\"valueRequired\":true,\"valueName\":\"search_term_string\"}}],\"inLanguage\":\"ca-ES\"},{\"@type\":\"Organization\",\"@id\":\"https:\\\/\\\/clinicapadros.com\\\/ca\\\/#organization\",\"name\":\"Cl\u00ednica Dental Padr\u00f3s\",\"url\":\"https:\\\/\\\/clinicapadros.com\\\/ca\\\/\",\"logo\":{\"@type\":\"ImageObject\",\"inLanguage\":\"ca-ES\",\"@id\":\"https:\\\/\\\/clinicapadros.com\\\/ca\\\/#\\\/schema\\\/logo\\\/image\\\/\",\"url\":\"https:\\\/\\\/clinicapadros.com\\\/wp-content\\\/uploads\\\/2017\\\/04\\\/logo-clinica-dental-padros.jpg\",\"contentUrl\":\"https:\\\/\\\/clinicapadros.com\\\/wp-content\\\/uploads\\\/2017\\\/04\\\/logo-clinica-dental-padros.jpg\",\"width\":365,\"height\":80,\"caption\":\"Cl\u00ednica Dental Padr\u00f3s\"},\"image\":{\"@id\":\"https:\\\/\\\/clinicapadros.com\\\/ca\\\/#\\\/schema\\\/logo\\\/image\\\/\"},\"sameAs\":[\"http:\\\/\\\/www.facebook.com\\\/clinicapadros\",\"https:\\\/\\\/x.com\\\/clinicapadros\",\"https:\\\/\\\/instagram.com\\\/clinicapadros\",\"https:\\\/\\\/es.pinterest.com\\\/clinicapadros\\\/\",\"https:\\\/\\\/www.youtube.com\\\/clinicapadros\"]}]}<\/script>\n<!-- \/ Yoast SEO Premium plugin. -->","yoast_head_json":{"title":"Pol\u00edtica de privacitat - Cl\u00ednica Dental Padr\u00f3s","description":"Pol\u00edtica de privacitat a Cl\u00ednica Padr\u00f3s: Protegim la teva informaci\u00f3 personal amb els m\u00e9s alts est\u00e0ndards de seguretat i confidencialitat.","robots":{"index":"noindex","follow":"nofollow"},"og_locale":"ca_ES","og_type":"article","og_title":"Pol\u00edtica de privacitat","og_description":"Pol\u00edtica de privacitat a Cl\u00ednica Padr\u00f3s: Protegim la teva informaci\u00f3 personal amb els m\u00e9s alts est\u00e0ndards de seguretat i confidencialitat.","og_url":"https:\/\/clinicapadros.com\/ca\/politica-privacitat\/","og_site_name":"Cl\u00ednica Dental Padr\u00f3s","article_publisher":"http:\/\/www.facebook.com\/clinicapadros","article_modified_time":"2024-05-23T07:16:08+00:00","twitter_card":"summary_large_image","twitter_site":"@clinicapadros","twitter_misc":{"Est. reading time":"7 minutes"},"schema":{"@context":"https:\/\/schema.org","@graph":[{"@type":"WebPage","@id":"https:\/\/clinicapadros.com\/ca\/politica-privacitat\/","url":"https:\/\/clinicapadros.com\/ca\/politica-privacitat\/","name":"Pol\u00edtica de privacitat - Cl\u00ednica Dental Padr\u00f3s","isPartOf":{"@id":"https:\/\/clinicapadros.com\/ca\/#website"},"datePublished":"2024-03-14T16:59:23+00:00","dateModified":"2024-05-23T07:16:08+00:00","description":"Pol\u00edtica de privacitat a Cl\u00ednica Padr\u00f3s: Protegim la teva informaci\u00f3 personal amb els m\u00e9s alts est\u00e0ndards de seguretat i confidencialitat.","breadcrumb":{"@id":"https:\/\/clinicapadros.com\/ca\/politica-privacitat\/#breadcrumb"},"inLanguage":"ca-ES","potentialAction":[{"@type":"ReadAction","target":["https:\/\/clinicapadros.com\/ca\/politica-privacitat\/"]}]},{"@type":"BreadcrumbList","@id":"https:\/\/clinicapadros.com\/ca\/politica-privacitat\/#breadcrumb","itemListElement":[{"@type":"ListItem","position":1,"name":"Home","item":"https:\/\/clinicapadros.com\/ca\/"},{"@type":"ListItem","position":2,"name":"Pol\u00edtica de privacitat"}]},{"@type":"WebSite","@id":"https:\/\/clinicapadros.com\/ca\/#website","url":"https:\/\/clinicapadros.com\/ca\/","name":"Cl\u00ednica Dental Padr\u00f3s","description":"Buen dentista en Barcelona","publisher":{"@id":"https:\/\/clinicapadros.com\/ca\/#organization"},"potentialAction":[{"@type":"SearchAction","target":{"@type":"EntryPoint","urlTemplate":"https:\/\/clinicapadros.com\/ca\/?s={search_term_string}"},"query-input":{"@type":"PropertyValueSpecification","valueRequired":true,"valueName":"search_term_string"}}],"inLanguage":"ca-ES"},{"@type":"Organization","@id":"https:\/\/clinicapadros.com\/ca\/#organization","name":"Cl\u00ednica Dental Padr\u00f3s","url":"https:\/\/clinicapadros.com\/ca\/","logo":{"@type":"ImageObject","inLanguage":"ca-ES","@id":"https:\/\/clinicapadros.com\/ca\/#\/schema\/logo\/image\/","url":"https:\/\/clinicapadros.com\/wp-content\/uploads\/2017\/04\/logo-clinica-dental-padros.jpg","contentUrl":"https:\/\/clinicapadros.com\/wp-content\/uploads\/2017\/04\/logo-clinica-dental-padros.jpg","width":365,"height":80,"caption":"Cl\u00ednica Dental Padr\u00f3s"},"image":{"@id":"https:\/\/clinicapadros.com\/ca\/#\/schema\/logo\/image\/"},"sameAs":["http:\/\/www.facebook.com\/clinicapadros","https:\/\/x.com\/clinicapadros","https:\/\/instagram.com\/clinicapadros","https:\/\/es.pinterest.com\/clinicapadros\/","https:\/\/www.youtube.com\/clinicapadros"]}]}},"_links":{"self":[{"href":"https:\/\/clinicapadros.com\/ca\/wp-json\/wp\/v2\/pages\/15219","targetHints":{"allow":["GET"]}}],"collection":[{"href":"https:\/\/clinicapadros.com\/ca\/wp-json\/wp\/v2\/pages"}],"about":[{"href":"https:\/\/clinicapadros.com\/ca\/wp-json\/wp\/v2\/types\/page"}],"author":[{"embeddable":true,"href":"https:\/\/clinicapadros.com\/ca\/wp-json\/wp\/v2\/users\/7"}],"replies":[{"embeddable":true,"href":"https:\/\/clinicapadros.com\/ca\/wp-json\/wp\/v2\/comments?post=15219"}],"version-history":[{"count":5,"href":"https:\/\/clinicapadros.com\/ca\/wp-json\/wp\/v2\/pages\/15219\/revisions"}],"predecessor-version":[{"id":15314,"href":"https:\/\/clinicapadros.com\/ca\/wp-json\/wp\/v2\/pages\/15219\/revisions\/15314"}],"wp:attachment":[{"href":"https:\/\/clinicapadros.com\/ca\/wp-json\/wp\/v2\/media?parent=15219"}],"curies":[{"name":"wp","href":"https:\/\/api.w.org\/{rel}","templated":true}]}}