{"id":15205,"date":"2024-03-14T18:58:17","date_gmt":"2024-03-14T16:58:17","guid":{"rendered":"https:\/\/clinicapadros.com\/aviso-legal\/"},"modified":"2024-05-23T09:14:21","modified_gmt":"2024-05-23T07:14:21","slug":"avis-legal","status":"publish","type":"page","link":"https:\/\/clinicapadros.com\/ca\/avis-legal\/","title":{"rendered":"Av\u00eds legal"},"content":{"rendered":"\t\t<div data-elementor-type=\"wp-page\" data-elementor-id=\"15205\" class=\"elementor elementor-15205 elementor-13003\" data-elementor-post-type=\"page\">\n\t\t\t\t<div class=\"elementor-element elementor-element-ed5e115 e-flex e-con-boxed e-con e-parent\" data-id=\"ed5e115\" data-element_type=\"container\">\n\t\t\t\t\t<div class=\"e-con-inner\">\n\t\t\t\t<div class=\"elementor-element elementor-element-3f3c16f elementor-widget elementor-widget-heading\" data-id=\"3f3c16f\" data-element_type=\"widget\" data-widget_type=\"heading.default\">\n\t\t\t\t<div class=\"elementor-widget-container\">\n\t\t\t\t\t<h1 class=\"elementor-heading-title elementor-size-default\">Av\u00eds legal<\/h1>\t\t\t\t<\/div>\n\t\t\t\t<\/div>\n\t\t\t\t\t<\/div>\n\t\t\t\t<\/div>\n\t\t<div class=\"elementor-element elementor-element-7bce33e e-flex e-con-boxed e-con e-parent\" data-id=\"7bce33e\" data-element_type=\"container\">\n\t\t\t\t\t<div class=\"e-con-inner\">\n\t\t\t\t<div class=\"elementor-element elementor-element-f368911 elementor-widget-tablet__width-initial elementor-widget elementor-widget-html\" data-id=\"f368911\" data-element_type=\"widget\" data-widget_type=\"html.default\">\n\t\t\t\t<div class=\"elementor-widget-container\">\n\t\t\t\t\t<ul class=\"lista-no-numero lista-principal\">\r\n \t<li>\r\n<h2><strong>1. OBJECTE I ACCEPTACI\u00d3<\/strong><\/h2>\r\n<p>El present av\u00eds legal regula l'\u00fas del lloc web (d'ara endavant, LA WEB), del qual \u00e9s titular <strong>CL\u00cdNICA PADR\u00d3S SERRAT PARALELO S.L.<\/strong> (d'ara endavant, EL PROPIETARI DE LA WEB).<\/p>\r\n<p>La navegaci\u00f3 pel lloc web del PROPIETARI DE LA WEB atribueix la condici\u00f3 d'usuari del mateix i implica l'acceptaci\u00f3 plena i sense reserves de totes i cadascuna de les disposicions incloses en aquest Av\u00eds Legal, que poden sofrir modificacions.<\/p>\r\n<p>L'usuari s'obliga a fer un \u00fas correcte del lloc web de conformitat amb les lleis, la bona fe, l'ordre p\u00fablic, els usos del tr\u00e0nsit i el present Av\u00eds Legal. L'usuari respondr\u00e0 enfront del PROPIETARI DE LA WEB o enfront de tercers, de qualssevol danys i perjudicis que poguessin causar-se a conseq\u00fc\u00e8ncia de l'incompliment d'aquesta obligaci\u00f3.<\/p>\r\n<h2><strong>2. IDENTIFICACI\u00d3 I COMUNICACIONS<\/strong><\/h2>\r\n<p>EL PROPIETARI DE LA WEB, en compliment de la Llei 34\/2002, d'11 de juliol, de Serveis de la Societat de la Informaci\u00f3 i de Comer\u00e7 Electr\u00f2nic, l'informa que:<\/p>\r\n<ul>\r\n<li>El responsable \u00e9s <b>CL\u00cdNICA PADR\u00d3S SERRAT PARALELO S.L.<\/b><\/li>\r\n<li>El seu CIF \u00e9s: <strong>B66394602<\/strong><\/li>\r\n<li>El seu domicili est\u00e0 en: <strong>AVINGUDA PARAL LEL N\u00ba 84 PRINCIPAL 1\u00ba, 08015, BARCELONA, BARCELONA<\/strong><\/li>\r\n<li>Inscrita en el registre mercantil<strong> de Barcelona, en el Tomo 44537 Folio 105 Hoja B459131 Inscripci\u00f3n 1<\/strong><\/li>\r\n<\/ul>\r\n<p>Per a comunicar-se amb nosaltres, posem a la seva disposici\u00f3 diferents mitjans de contacte que detallem a continuaci\u00f3:<\/p>\r\n<ul>\r\n<li>mail: <strong>mmb@clinicapadros.cat<\/strong><\/li>\r\n<li>Telf.: <strong>933291895<\/strong><\/li>\r\n<\/ul>\r\n<p>Totes les notificacions i comunicacions entre els usuaris i EL PROPIETARI DE LA WEB es consideraran eficaces, amb car\u00e0cter general, quan es realitzin a trav\u00e9s de correu postal o qualsevol altre mitj\u00e0 dels detallats anteriorment.<\/p>\r\n<h2><strong>3. CONDICIONS D'ACC\u00c9S I UTILITZACI\u00d3<\/strong><\/h2>\r\n<p>El lloc web i els seus serveis s\u00f3n d'acc\u00e9s lliure i gratu\u00eft, no obstant aix\u00f2, EL PROPIETARI DE LA WEB condiciona la utilitzaci\u00f3 d'alguns dels serveis oferts en el seu web al previ emplenament del corresponent formulari.<\/p>\r\n<p>L'usuari garanteix l'autenticitat i actualitat de totes aquelles dades que comuniqui al PROPIETARI DE LA WEB i ser\u00e0 l'\u00fanic responsable de les manifestacions falses o inexactes que realitzi.<\/p>\r\n<p>L'usuari es compromet expressament a fer un \u00fas adequat dels continguts i serveis del PROPIETARI DE LA WEB i a no emprar-los per a, entre altres:<\/p>\r\n<ol>\r\n<li>Difondre continguts, delictius, violents, pornogr\u00e0fics, racistes, xen\u00f2fob, ofensius, d'apologia del terrorisme o, en general, contraris a la llei o a l'ordre p\u00fablic.<\/li>\r\n<li>Introduir en la xarxa virus inform\u00e0tics o realitzar actuacions susceptibles d'alterar, espatllar, interrompre o generar errors o danys en els documents electr\u00f2nics, dades o sistemes f\u00edsics i l\u00f2gics de EL PROPIETARI DE LA WEB o de terceres persones; aix\u00ed com obstaculitzar l'acc\u00e9s d'altres usuaris al lloc web i als seus serveis mitjan\u00e7ant el consum massiu dels recursos inform\u00e0tics a trav\u00e9s dels quals EL PROPIETARI DE LA WEB presta els seus serveis.<\/li>\r\n<li>Intentar accedir als comptes de correu electr\u00f2nic d'altres usuaris o a \u00e0rees restringides dels sistemes inform\u00e0tics de EL PROPIETARI DE LA WEB o de tercers i, en el seu cas, extreure informaci\u00f3.<\/li>\r\n<li>Vulnerar els drets de propietat intel\u00b7lectual o industrial, aix\u00ed com violar la confidencialitat de la informaci\u00f3 de EL PROPIETARI DE LA WEB o de tercers.<\/li>\r\n<li>Suplantar la identitat d'un altre usuari, de les administracions p\u00fabliques o d'un tercer.<\/li>\r\n<li>Reproduir, copiar, distribuir, posar a disposici\u00f3 o de qualsevol altra forma comunicar p\u00fablicament, transformar o modificar els continguts, tret que es compti amb l'autoritzaci\u00f3 del titular dels corresponents drets o aix\u00f2 resulti legalment perm\u00e8s.<\/li>\r\n<li>Recaptar dades amb finalitat publicit\u00e0ria i de remetre publicitat de qualsevol classe i comunicacions amb finalitats de venda o altres de naturalesa comercial sense que medi\u00ef la seva pr\u00e8via sol\u00b7licitud o consentiment.<\/li>\r\n<\/ol>\r\n<p>Tots els continguts del lloc web, com a textos, fotografies, gr\u00e0fics, imatges, icones, tecnologia, programari, aix\u00ed com el seu disseny gr\u00e0fic i codis font, constitueixen una obra la propietat de la qual pertany al PROPIETARI DE LA WEB, sense que puguin entendre's cedits a l'usuari cap dels drets d'explotaci\u00f3 sobre els mateixos m\u00e9s enll\u00e0 de l'estrictament necessari per al correcte \u00fas de la web.<\/p>\r\n<p>En definitiva, els usuaris que accedeixin a aquest lloc web poden visualitzar els continguts i efectuar, en el seu cas, c\u00f2pies privades autoritzades sempre que els elements reprodu\u00efts no siguin cedits posteriorment a tercers, ni s'instal\u00b7lin a servidors connectats a xarxes, ni siguin objecte de cap mena d'explotaci\u00f3. Aix\u00ed mateix, totes les marques, noms comercials o signes distintius de qualsevol classe que apareixen en el lloc web s\u00f3n propietat del PROPIETARI DE LA WEB, sense que pugui entendre's que l'\u00fas o acc\u00e9s al mateix atribueixi a l'usuari dret algun sobre aquests.<\/p>\r\n<p>La distribuci\u00f3, modificaci\u00f3, cessi\u00f3 o comunicaci\u00f3 p\u00fablica dels continguts i qualsevol altre acte que no hagi estat expressament autoritzat pel titular dels drets d'explotaci\u00f3 queden prohibides.<\/p>\r\n<p>L'establiment d'un enlla\u00e7 no implica en cap cas l'exist\u00e8ncia de relacions entre EL PROPIETARI DE LA WEB i el propietari del lloc web en la qual s'estableixi, ni l'acceptaci\u00f3 i aprovaci\u00f3 per part del PROPIETARI DE LA WEB dels seus continguts o serveis. Aquelles persones que es proposin establir un enlla\u00e7 pr\u00e8viament hauran de sol\u00b7licitar autoritzaci\u00f3 per escrit al PROPIETARI DE LA WEB. En tot cas, l'enlla\u00e7 \u00fanicament permetr\u00e0 l'acc\u00e9s a la home-page o p\u00e0gina d'inici del nostre lloc web, aix\u00ed mateix haur\u00e0 d'abstenir-se de realitzar manifestacions o indicacions falses, inexactes o incorrectes sobre EL PROPIETARI DE LA WEB, o incloure continguts il\u00b7l\u00edcits, contraris als bons costums i a l'ordre p\u00fablic. EL PROPIETARI DE LA WEB no es responsabilitza de l'\u00fas que cada usuari li doni als materials posats a disposici\u00f3 en aquest lloc web ni de les actuacions que realitzi sobre la base d'aquests.<\/p>\r\n<h2><strong>4. EXCLUSI\u00d3 DE GARANTIES I DE RESPONSABILITAT<\/strong><\/h2>\r\n<p>El contingut del present lloc web \u00e9s de car\u00e0cter general i t\u00e9 una finalitat merament informativa, sense que es garanteixi plenament l'acc\u00e9s a tots els continguts, ni la seva exhaustivitat, correcci\u00f3, vig\u00e8ncia o actualitat, ni la seva idone\u00eftat o utilitat per a un objectiu espec\u00edfic.<\/p>\r\n<p>EL PROPIETARI DE LA WEB exclou, fins on permet l'ordenament jur\u00eddic, qualsevol responsabilitat pels danys i perjudicis de tota naturalesa derivats de:<\/p>\r\n<ol>\r\n<li>La impossibilitat d'acc\u00e9s al lloc web o la falta de veracitat, exactitud, exhaustivitat i\/o actualitat dels continguts, aix\u00ed com l'exist\u00e8ncia de vicis i defectes de tota classe dels continguts transmesos, difosos, emmagatzemats, posats a disposici\u00f3 als quals s'hagi accedit a trav\u00e9s del lloc web o dels serveis que s'ofereixen.<\/li>\r\n<li>La pres\u00e8ncia de virus o d'altres elements en els continguts que puguin produir alteracions en els sistemes inform\u00e0tics, documents electr\u00f2nics o dades dels usuaris.<\/li>\r\n<li>L'incompliment de les lleis, la bona fe, l'ordre p\u00fablic, els usos del tr\u00e0nsit i el present av\u00eds legal a conseq\u00fc\u00e8ncia de l'\u00fas incorrecte del lloc web. En particular, i a manera exemplar, EL PROPIETARI DE LA WEB no es fa responsable de les actuacions de tercers que vulnerin drets de propietat intel\u00b7lectual i industrial, secrets empresarials, drets a l'honor, a la intimitat personal i familiar i a la pr\u00f2pia imatge, aix\u00ed com la normativa en mat\u00e8ria de compet\u00e8ncia deslleial i publicitat il\u00b7l\u00edcita.<\/li>\r\n<\/ol>\r\n<p>Aix\u00ed mateix, EL PROPIETARI DE LA WEB declina qualsevol responsabilitat respecte a la informaci\u00f3 que es trobi fora d'aquesta web i no sigui gestionada directament pel nostre webmaster. La funci\u00f3 dels links que apareixen en aquesta web \u00e9s exclusivament la d'informar l'usuari sobre l'exist\u00e8ncia d'altres fonts susceptibles d'ampliar els continguts que ofereix aquest lloc web. EL PROPIETARI DE LA WEB no garanteix ni es responsabilitza del funcionament o accessibilitat dels llocs enlla\u00e7ats; ni suggereix, convida o recomana la visita a aquests, per la qual cosa tampoc ser\u00e0 responsable del resultat obtingut. EL PROPIETARI DE LA WEB no es responsabilitza de l'establiment d'enlla\u00e7os per part de tercers.<\/p>\r\n<h2><strong>5. POL\u00cdTICA DE PRIVACITAT<\/strong><\/h2>\r\n<p>Pot revisar la nostra pol\u00edtica de privacitat en el seg\u00fcent <a href=\"\/ca\/politica-privacitat\/\"><strong><u>enlla\u00e7<\/u><\/strong><\/a>. <\/p>\r\n<h2><b>6. PROCEDIMENT EN CAS DE REALITZACI\u00d3 D'ACTIVITATS DE CAR\u00c0CTER IL\u00b7L\u00cdCIT<\/b><\/h2>\r\n<p>En el cas que qualsevol usuari o un tercer consideri que existeixen fets o circumst\u00e0ncies que revelin el car\u00e0cter il\u00b7l\u00edcit de la utilitzaci\u00f3 de qualsevol contingut i\/o de la realitzaci\u00f3 de qualsevol activitat en les p\u00e0gines web incloses o accessibles a trav\u00e9s del lloc web, haur\u00e0 d'enviar una notificaci\u00f3 a EL PROPIETARI DE LA WEB identificant-se degudament, especificant les suposades infraccions i declarant expressament i sota la seva responsabilitat que la informaci\u00f3 proporcionada en la notificaci\u00f3 \u00e9s exacta.<\/p>\r\n<p>Les parts se sotmeten expressament, per a qualssevol q\u00fcestions o diverg\u00e8ncies que poguessin suscitar-se per ra\u00f3 de la interpretaci\u00f3, compliment i execuci\u00f3 d'aquest contracte, a la jurisdicci\u00f3 i compet\u00e8ncia dels Jutjats i Tribunals corresponents al domicili de l'usuari o als del lloc de compliment de l'obligaci\u00f3 contractual.<\/p>\r\n<h2><strong>7. PUBLICACIONS<\/strong><\/h2>\r\n<p>La informaci\u00f3 administrativa facilitada a trav\u00e9s del lloc web no substitueix la publicitat legal de les lleis, normatives, plans, disposicions generals i actes que hagin de ser publicats formalment als diaris oficials de les administracions p\u00fabliques, que constitueixen l'\u00fanic instrument que d\u00f3na fe de la seva autenticitat i contingut. La informaci\u00f3 disponible en aquest lloc web ha d'entendre's com una guia sense prop\u00f2sit de validesa legal.<\/p>\r\n    <\/li>\r\n<\/ul>\t\t\t\t<\/div>\n\t\t\t\t<\/div>\n\t\t\t\t\t<\/div>\n\t\t\t\t<\/div>\n\t\t\t\t<\/div>\n\t\t","protected":false},"excerpt":{"rendered":"<p>Av\u00eds legal 1. OBJECTE I ACCEPTACI\u00d3 El present av\u00eds legal regula l&#8217;\u00fas del lloc web (d&#8217;ara endavant, LA WEB), del qual \u00e9s titular CL\u00cdNICA PADR\u00d3S SERRAT PARALELO S.L. (d&#8217;ara endavant, EL PROPIETARI DE LA WEB). La navegaci\u00f3 pel lloc web del PROPIETARI DE LA WEB atribueix la condici\u00f3 d&#8217;usuari del mateix i implica l&#8217;acceptaci\u00f3 plena &#8230; <a title=\"Av\u00eds legal\" class=\"read-more\" href=\"https:\/\/clinicapadros.com\/ca\/avis-legal\/\" aria-label=\"Read more about Av\u00eds legal\">Read more<\/a><\/p>\n","protected":false},"author":7,"featured_media":0,"parent":0,"menu_order":0,"comment_status":"closed","ping_status":"closed","template":"elementor_header_footer","meta":{"footnotes":""},"class_list":["post-15205","page","type-page","status-publish"],"yoast_head":"<!-- This site is optimized with the Yoast SEO Premium plugin v21.5 (Yoast SEO v27.3) - https:\/\/yoast.com\/product\/yoast-seo-premium-wordpress\/ -->\n<title>Av\u00eds legal - Cl\u00ednica Dental Padr\u00f3s<\/title>\n<meta name=\"description\" content=\"Consulta l&#039;av\u00eds legal de Cl\u00ednica Padr\u00f3s: Informaci\u00f3 rellevant sobre termes legals i privacitat. Protegim les teves dades i la teva confidencialitat.\" \/>\n<meta name=\"robots\" content=\"noindex, nofollow\" \/>\n<meta property=\"og:locale\" content=\"ca_ES\" \/>\n<meta property=\"og:type\" content=\"article\" \/>\n<meta property=\"og:title\" content=\"Av\u00eds legal\" \/>\n<meta property=\"og:description\" content=\"Consulta l&#039;av\u00eds legal de Cl\u00ednica Padr\u00f3s: Informaci\u00f3 rellevant sobre termes legals i privacitat. Protegim les teves dades i la teva confidencialitat.\" \/>\n<meta property=\"og:url\" content=\"https:\/\/clinicapadros.com\/ca\/avis-legal\/\" \/>\n<meta property=\"og:site_name\" content=\"Cl\u00ednica Dental Padr\u00f3s\" \/>\n<meta property=\"article:publisher\" content=\"http:\/\/www.facebook.com\/clinicapadros\" \/>\n<meta property=\"article:modified_time\" content=\"2024-05-23T07:14:21+00:00\" \/>\n<meta name=\"twitter:card\" content=\"summary_large_image\" \/>\n<meta name=\"twitter:site\" content=\"@clinicapadros\" \/>\n<meta name=\"twitter:label1\" content=\"Est. reading time\" \/>\n\t<meta name=\"twitter:data1\" content=\"7 minutes\" \/>\n<script type=\"application\/ld+json\" class=\"yoast-schema-graph\">{\"@context\":\"https:\\\/\\\/schema.org\",\"@graph\":[{\"@type\":\"WebPage\",\"@id\":\"https:\\\/\\\/clinicapadros.com\\\/ca\\\/avis-legal\\\/\",\"url\":\"https:\\\/\\\/clinicapadros.com\\\/ca\\\/avis-legal\\\/\",\"name\":\"Av\u00eds legal - Cl\u00ednica Dental Padr\u00f3s\",\"isPartOf\":{\"@id\":\"https:\\\/\\\/clinicapadros.com\\\/ca\\\/#website\"},\"datePublished\":\"2024-03-14T16:58:17+00:00\",\"dateModified\":\"2024-05-23T07:14:21+00:00\",\"description\":\"Consulta l'av\u00eds legal de Cl\u00ednica Padr\u00f3s: Informaci\u00f3 rellevant sobre termes legals i privacitat. Protegim les teves dades i la teva confidencialitat.\",\"breadcrumb\":{\"@id\":\"https:\\\/\\\/clinicapadros.com\\\/ca\\\/avis-legal\\\/#breadcrumb\"},\"inLanguage\":\"ca-ES\",\"potentialAction\":[{\"@type\":\"ReadAction\",\"target\":[\"https:\\\/\\\/clinicapadros.com\\\/ca\\\/avis-legal\\\/\"]}]},{\"@type\":\"BreadcrumbList\",\"@id\":\"https:\\\/\\\/clinicapadros.com\\\/ca\\\/avis-legal\\\/#breadcrumb\",\"itemListElement\":[{\"@type\":\"ListItem\",\"position\":1,\"name\":\"Home\",\"item\":\"https:\\\/\\\/clinicapadros.com\\\/ca\\\/\"},{\"@type\":\"ListItem\",\"position\":2,\"name\":\"Av\u00eds legal\"}]},{\"@type\":\"WebSite\",\"@id\":\"https:\\\/\\\/clinicapadros.com\\\/ca\\\/#website\",\"url\":\"https:\\\/\\\/clinicapadros.com\\\/ca\\\/\",\"name\":\"Cl\u00ednica Dental Padr\u00f3s\",\"description\":\"Buen dentista en Barcelona\",\"publisher\":{\"@id\":\"https:\\\/\\\/clinicapadros.com\\\/ca\\\/#organization\"},\"potentialAction\":[{\"@type\":\"SearchAction\",\"target\":{\"@type\":\"EntryPoint\",\"urlTemplate\":\"https:\\\/\\\/clinicapadros.com\\\/ca\\\/?s={search_term_string}\"},\"query-input\":{\"@type\":\"PropertyValueSpecification\",\"valueRequired\":true,\"valueName\":\"search_term_string\"}}],\"inLanguage\":\"ca-ES\"},{\"@type\":\"Organization\",\"@id\":\"https:\\\/\\\/clinicapadros.com\\\/ca\\\/#organization\",\"name\":\"Cl\u00ednica Dental Padr\u00f3s\",\"url\":\"https:\\\/\\\/clinicapadros.com\\\/ca\\\/\",\"logo\":{\"@type\":\"ImageObject\",\"inLanguage\":\"ca-ES\",\"@id\":\"https:\\\/\\\/clinicapadros.com\\\/ca\\\/#\\\/schema\\\/logo\\\/image\\\/\",\"url\":\"https:\\\/\\\/clinicapadros.com\\\/wp-content\\\/uploads\\\/2017\\\/04\\\/logo-clinica-dental-padros.jpg\",\"contentUrl\":\"https:\\\/\\\/clinicapadros.com\\\/wp-content\\\/uploads\\\/2017\\\/04\\\/logo-clinica-dental-padros.jpg\",\"width\":365,\"height\":80,\"caption\":\"Cl\u00ednica Dental Padr\u00f3s\"},\"image\":{\"@id\":\"https:\\\/\\\/clinicapadros.com\\\/ca\\\/#\\\/schema\\\/logo\\\/image\\\/\"},\"sameAs\":[\"http:\\\/\\\/www.facebook.com\\\/clinicapadros\",\"https:\\\/\\\/x.com\\\/clinicapadros\",\"https:\\\/\\\/instagram.com\\\/clinicapadros\",\"https:\\\/\\\/es.pinterest.com\\\/clinicapadros\\\/\",\"https:\\\/\\\/www.youtube.com\\\/clinicapadros\"]}]}<\/script>\n<!-- \/ Yoast SEO Premium plugin. -->","yoast_head_json":{"title":"Av\u00eds legal - Cl\u00ednica Dental Padr\u00f3s","description":"Consulta l'av\u00eds legal de Cl\u00ednica Padr\u00f3s: Informaci\u00f3 rellevant sobre termes legals i privacitat. Protegim les teves dades i la teva confidencialitat.","robots":{"index":"noindex","follow":"nofollow"},"og_locale":"ca_ES","og_type":"article","og_title":"Av\u00eds legal","og_description":"Consulta l'av\u00eds legal de Cl\u00ednica Padr\u00f3s: Informaci\u00f3 rellevant sobre termes legals i privacitat. Protegim les teves dades i la teva confidencialitat.","og_url":"https:\/\/clinicapadros.com\/ca\/avis-legal\/","og_site_name":"Cl\u00ednica Dental Padr\u00f3s","article_publisher":"http:\/\/www.facebook.com\/clinicapadros","article_modified_time":"2024-05-23T07:14:21+00:00","twitter_card":"summary_large_image","twitter_site":"@clinicapadros","twitter_misc":{"Est. reading time":"7 minutes"},"schema":{"@context":"https:\/\/schema.org","@graph":[{"@type":"WebPage","@id":"https:\/\/clinicapadros.com\/ca\/avis-legal\/","url":"https:\/\/clinicapadros.com\/ca\/avis-legal\/","name":"Av\u00eds legal - Cl\u00ednica Dental Padr\u00f3s","isPartOf":{"@id":"https:\/\/clinicapadros.com\/ca\/#website"},"datePublished":"2024-03-14T16:58:17+00:00","dateModified":"2024-05-23T07:14:21+00:00","description":"Consulta l'av\u00eds legal de Cl\u00ednica Padr\u00f3s: Informaci\u00f3 rellevant sobre termes legals i privacitat. Protegim les teves dades i la teva confidencialitat.","breadcrumb":{"@id":"https:\/\/clinicapadros.com\/ca\/avis-legal\/#breadcrumb"},"inLanguage":"ca-ES","potentialAction":[{"@type":"ReadAction","target":["https:\/\/clinicapadros.com\/ca\/avis-legal\/"]}]},{"@type":"BreadcrumbList","@id":"https:\/\/clinicapadros.com\/ca\/avis-legal\/#breadcrumb","itemListElement":[{"@type":"ListItem","position":1,"name":"Home","item":"https:\/\/clinicapadros.com\/ca\/"},{"@type":"ListItem","position":2,"name":"Av\u00eds legal"}]},{"@type":"WebSite","@id":"https:\/\/clinicapadros.com\/ca\/#website","url":"https:\/\/clinicapadros.com\/ca\/","name":"Cl\u00ednica Dental Padr\u00f3s","description":"Buen dentista en Barcelona","publisher":{"@id":"https:\/\/clinicapadros.com\/ca\/#organization"},"potentialAction":[{"@type":"SearchAction","target":{"@type":"EntryPoint","urlTemplate":"https:\/\/clinicapadros.com\/ca\/?s={search_term_string}"},"query-input":{"@type":"PropertyValueSpecification","valueRequired":true,"valueName":"search_term_string"}}],"inLanguage":"ca-ES"},{"@type":"Organization","@id":"https:\/\/clinicapadros.com\/ca\/#organization","name":"Cl\u00ednica Dental Padr\u00f3s","url":"https:\/\/clinicapadros.com\/ca\/","logo":{"@type":"ImageObject","inLanguage":"ca-ES","@id":"https:\/\/clinicapadros.com\/ca\/#\/schema\/logo\/image\/","url":"https:\/\/clinicapadros.com\/wp-content\/uploads\/2017\/04\/logo-clinica-dental-padros.jpg","contentUrl":"https:\/\/clinicapadros.com\/wp-content\/uploads\/2017\/04\/logo-clinica-dental-padros.jpg","width":365,"height":80,"caption":"Cl\u00ednica Dental Padr\u00f3s"},"image":{"@id":"https:\/\/clinicapadros.com\/ca\/#\/schema\/logo\/image\/"},"sameAs":["http:\/\/www.facebook.com\/clinicapadros","https:\/\/x.com\/clinicapadros","https:\/\/instagram.com\/clinicapadros","https:\/\/es.pinterest.com\/clinicapadros\/","https:\/\/www.youtube.com\/clinicapadros"]}]}},"_links":{"self":[{"href":"https:\/\/clinicapadros.com\/ca\/wp-json\/wp\/v2\/pages\/15205","targetHints":{"allow":["GET"]}}],"collection":[{"href":"https:\/\/clinicapadros.com\/ca\/wp-json\/wp\/v2\/pages"}],"about":[{"href":"https:\/\/clinicapadros.com\/ca\/wp-json\/wp\/v2\/types\/page"}],"author":[{"embeddable":true,"href":"https:\/\/clinicapadros.com\/ca\/wp-json\/wp\/v2\/users\/7"}],"replies":[{"embeddable":true,"href":"https:\/\/clinicapadros.com\/ca\/wp-json\/wp\/v2\/comments?post=15205"}],"version-history":[{"count":12,"href":"https:\/\/clinicapadros.com\/ca\/wp-json\/wp\/v2\/pages\/15205\/revisions"}],"predecessor-version":[{"id":17191,"href":"https:\/\/clinicapadros.com\/ca\/wp-json\/wp\/v2\/pages\/15205\/revisions\/17191"}],"wp:attachment":[{"href":"https:\/\/clinicapadros.com\/ca\/wp-json\/wp\/v2\/media?parent=15205"}],"curies":[{"name":"wp","href":"https:\/\/api.w.org\/{rel}","templated":true}]}}